{"id":9,"date":"2023-01-04T07:20:02","date_gmt":"2023-01-04T07:20:02","guid":{"rendered":"https:\/\/pszichotime.hu\/?page_id=9"},"modified":"2025-07-18T14:27:00","modified_gmt":"2025-07-18T14:27:00","slug":"kezdolap","status":"publish","type":"page","link":"https:\/\/pszichotime.hu\/","title":{"rendered":"Kezd\u0151lap"},"content":{"rendered":"\t\t<div data-elementor-type=\"wp-page\" data-elementor-id=\"9\" class=\"elementor elementor-9\">\n\t\t\t\t\t\t\t\t\t<section class=\"elementor-section elementor-top-section elementor-element elementor-element-785f51e elementor-section-boxed elementor-section-height-default elementor-section-height-default\" data-id=\"785f51e\" data-element_type=\"section\" data-settings=\"{&quot;background_background&quot;:&quot;classic&quot;}\">\n\t\t\t\t\t\t<div class=\"elementor-container elementor-column-gap-default\">\n\t\t\t\t\t<div class=\"elementor-column elementor-col-100 elementor-top-column elementor-element elementor-element-64f22b8\" data-id=\"64f22b8\" data-element_type=\"column\">\n\t\t\t<div class=\"elementor-widget-wrap elementor-element-populated\">\n\t\t\t\t\t\t\t\t<div class=\"elementor-element elementor-element-427e6f5 elementor-widget elementor-widget-image\" data-id=\"427e6f5\" data-element_type=\"widget\" data-widget_type=\"image.default\">\n\t\t\t\t<div class=\"elementor-widget-container\">\n\t\t\t<style>\/*! elementor - v3.10.1 - 17-01-2023 *\/\n.elementor-widget-image{text-align:center}.elementor-widget-image a{display:inline-block}.elementor-widget-image a img[src$=\".svg\"]{width:48px}.elementor-widget-image img{vertical-align:middle;display:inline-block}<\/style>\t\t\t\t\t\t\t\t\t\t\t\t<img decoding=\"async\" loading=\"lazy\" width=\"1920\" height=\"1080\" src=\"https:\/\/pszichotime.hu\/wp-content\/uploads\/2024\/02\/Erted-103.jpg\" class=\"attachment-full size-full wp-image-1007\" alt=\"\" srcset=\"https:\/\/pszichotime.hu\/wp-content\/uploads\/2024\/02\/Erted-103.jpg 1920w, https:\/\/pszichotime.hu\/wp-content\/uploads\/2024\/02\/Erted-103-300x169.jpg 300w, https:\/\/pszichotime.hu\/wp-content\/uploads\/2024\/02\/Erted-103-1024x576.jpg 1024w, https:\/\/pszichotime.hu\/wp-content\/uploads\/2024\/02\/Erted-103-768x432.jpg 768w, https:\/\/pszichotime.hu\/wp-content\/uploads\/2024\/02\/Erted-103-1536x864.jpg 1536w\" sizes=\"(max-width: 1920px) 100vw, 1920px\" \/>\t\t\t\t\t\t\t\t\t\t\t\t\t\t\t<\/div>\n\t\t\t\t<\/div>\n\t\t\t\t\t<\/div>\n\t\t<\/div>\n\t\t\t\t\t\t\t<\/div>\n\t\t<\/section>\n\t\t\t\t<section class=\"elementor-section elementor-top-section elementor-element elementor-element-4eca015 elementor-section-boxed elementor-section-height-default elementor-section-height-default\" data-id=\"4eca015\" data-element_type=\"section\" data-settings=\"{&quot;background_background&quot;:&quot;classic&quot;}\">\n\t\t\t\t\t\t<div class=\"elementor-container elementor-column-gap-default\">\n\t\t\t\t\t<div class=\"elementor-column elementor-col-100 elementor-top-column elementor-element elementor-element-50ec24f\" data-id=\"50ec24f\" data-element_type=\"column\">\n\t\t\t<div class=\"elementor-widget-wrap elementor-element-populated\">\n\t\t\t\t\t\t\t\t<div class=\"elementor-element elementor-element-f1ee178 elementor-widget__width-auto elementor-widget elementor-widget-text-editor\" data-id=\"f1ee178\" data-element_type=\"widget\" data-widget_type=\"text-editor.default\">\n\t\t\t\t<div class=\"elementor-widget-container\">\n\t\t\t<style>\/*! elementor - v3.10.1 - 17-01-2023 *\/\n.elementor-widget-text-editor.elementor-drop-cap-view-stacked .elementor-drop-cap{background-color:#818a91;color:#fff}.elementor-widget-text-editor.elementor-drop-cap-view-framed .elementor-drop-cap{color:#818a91;border:3px solid;background-color:transparent}.elementor-widget-text-editor:not(.elementor-drop-cap-view-default) .elementor-drop-cap{margin-top:8px}.elementor-widget-text-editor:not(.elementor-drop-cap-view-default) .elementor-drop-cap-letter{width:1em;height:1em}.elementor-widget-text-editor .elementor-drop-cap{float:left;text-align:center;line-height:1;font-size:50px}.elementor-widget-text-editor .elementor-drop-cap-letter{display:inline-block}<\/style>\t\t\t\t<p>Szepsi Bernadett<\/p><p>Feln\u0151tt klinikai szakpszichol\u00f3gus<\/p>\t\t\t\t\t\t<\/div>\n\t\t\t\t<\/div>\n\t\t\t\t\t<\/div>\n\t\t<\/div>\n\t\t\t\t\t\t\t<\/div>\n\t\t<\/section>\n\t\t\t\t<section class=\"elementor-section elementor-top-section elementor-element elementor-element-ef3a114 elementor-section-boxed elementor-section-height-default elementor-section-height-default\" data-id=\"ef3a114\" data-element_type=\"section\" data-settings=\"{&quot;background_background&quot;:&quot;classic&quot;}\">\n\t\t\t\t\t\t<div class=\"elementor-container elementor-column-gap-default\">\n\t\t\t\t\t<div class=\"elementor-column elementor-col-100 elementor-top-column elementor-element elementor-element-0c968df\" data-id=\"0c968df\" data-element_type=\"column\">\n\t\t\t<div class=\"elementor-widget-wrap elementor-element-populated\">\n\t\t\t\t\t\t\t\t<div class=\"elementor-element elementor-element-82d1c73 elementor-widget-mobile__width-auto elementor-widget elementor-widget-text-editor\" data-id=\"82d1c73\" data-element_type=\"widget\" data-widget_type=\"text-editor.default\">\n\t\t\t\t<div class=\"elementor-widget-container\">\n\t\t\t\t\t\t\t<p><span style=\"text-decoration: underline;\"><strong>Szepsi Bernadett \u2013 Feln\u0151tt klinikai szakpszichol\u00f3gus Budapesten<\/strong><\/span><\/p><p>\u00a0<\/p><p>Budapesti rendel\u0151mben szakmai t\u00e1mogat\u00e1ssal \u00e9s emberi odafigyel\u00e9ssel seg\u00edtek, ha szorong\u00e1s, hangulatzavar, \u00e9letk\u00f6zepi v\u00e1ls\u00e1g vagy p\u00e1rkapcsolati neh\u00e9zs\u00e9gek miatt keresel pszichol\u00f3gust.<\/p><p>Hiszem, hogy minden \u00e9lethelyzetben lehet \u00faj utat tal\u00e1lni, \u00e9s a bels\u0151 er\u0151forr\u00e1sokat \u00fajra felfedezni.<\/p><p>Feln\u0151tt klinikai szakpszichol\u00f3gusk\u00e9nt c\u00e9lom, hogy biztons\u00e1gos, elfogad\u00f3 l\u00e9gk\u00f6rben k\u00f6z\u00f6sen tal\u00e1ljuk meg azokat a megold\u00e1sokat, amelyek k\u00f6zelebb visznek a saj\u00e1t \u00e9letedhez \u00e9s bels\u0151 b\u00e9k\u00e9dhez.<\/p>\t\t\t\t\t\t<\/div>\n\t\t\t\t<\/div>\n\t\t\t\t\t<\/div>\n\t\t<\/div>\n\t\t\t\t\t\t\t<\/div>\n\t\t<\/section>\n\t\t\t\t<section class=\"elementor-section elementor-top-section elementor-element elementor-element-a336c62 elementor-section-boxed elementor-section-height-default elementor-section-height-default\" data-id=\"a336c62\" data-element_type=\"section\" data-settings=\"{&quot;background_background&quot;:&quot;classic&quot;}\">\n\t\t\t\t\t\t<div class=\"elementor-container elementor-column-gap-default\">\n\t\t\t\t\t<div class=\"elementor-column elementor-col-100 elementor-top-column elementor-element elementor-element-e001603\" data-id=\"e001603\" data-element_type=\"column\">\n\t\t\t<div class=\"elementor-widget-wrap elementor-element-populated\">\n\t\t\t\t\t\t\t\t<div class=\"elementor-element elementor-element-d5f9a0e elementor-widget elementor-widget-text-editor\" data-id=\"d5f9a0e\" data-element_type=\"widget\" data-widget_type=\"text-editor.default\">\n\t\t\t\t<div class=\"elementor-widget-container\">\n\t\t\t\t\t\t\t<p><span style=\"text-decoration: underline;\"><strong>Miben tudok seg\u00edteni?<\/strong><\/span><\/p><p>P\u00e1r &#8211; \u00e9s csal\u00e1dkonzult\u00e1ci\u00f3 kett\u0151s vezet\u00e9ssel<\/p><p>Szorong\u00e1sos zavarok<\/p><p>Hangulatzavarok<\/p><p>\u00d6nbizalom, \u00f6n\u00e9rt\u00e9kel\u00e9si probl\u00e9m\u00e1k<\/p><p>\u00d6nismeret fejleszt\u00e9se<\/p><p>Ki\u00e9g\u00e9s<\/p><p>Viselked\u00e9ses \u00e9s beilleszked\u00e9si probl\u00e9m\u00e1k<\/p><p>\u00c9letvezet\u00e9si probl\u00e9m\u00e1k<\/p><p>Gyermeknevel\u00e9si k\u00e9rd\u00e9sek<\/p><p>Serd\u00fcl\u0151kori neh\u00e9zs\u00e9gek<\/p><p>Tehets\u00e9ges gyerekek pszich\u00e9s gondoz\u00e1sa<\/p><p>Tanul\u00e1si motiv\u00e1ci\u00f3<\/p><p>Sz\u00fcl\u0151-gyerek kapcsolati probl\u00e9m\u00e1k<\/p><p>\u00c9letk\u00f6z\u00e9pi kr\u00edzis<\/p><p>Serd\u00fcl\u0151kori konfliktusok a csal\u00e1di \u00e9letben<\/p><p>Szem\u00e9lyis\u00e9gzavarok<\/p>\t\t\t\t\t\t<\/div>\n\t\t\t\t<\/div>\n\t\t\t\t<div class=\"elementor-element elementor-element-ffb91fa elementor-widget elementor-widget-image\" data-id=\"ffb91fa\" data-element_type=\"widget\" data-widget_type=\"image.default\">\n\t\t\t\t<div class=\"elementor-widget-container\">\n\t\t\t\t\t\t\t\t\t\t\t\t\t\t\t<img decoding=\"async\" loading=\"lazy\" width=\"768\" height=\"576\" src=\"https:\/\/pszichotime.hu\/wp-content\/uploads\/2023\/11\/IMG_4747-768x576.jpeg\" class=\"attachment-medium_large size-medium_large wp-image-898\" alt=\"\" srcset=\"https:\/\/pszichotime.hu\/wp-content\/uploads\/2023\/11\/IMG_4747-768x576.jpeg 768w, https:\/\/pszichotime.hu\/wp-content\/uploads\/2023\/11\/IMG_4747-300x225.jpeg 300w, https:\/\/pszichotime.hu\/wp-content\/uploads\/2023\/11\/IMG_4747-1024x768.jpeg 1024w, https:\/\/pszichotime.hu\/wp-content\/uploads\/2023\/11\/IMG_4747-1536x1152.jpeg 1536w, https:\/\/pszichotime.hu\/wp-content\/uploads\/2023\/11\/IMG_4747.jpeg 2000w\" sizes=\"(max-width: 768px) 100vw, 768px\" \/>\t\t\t\t\t\t\t\t\t\t\t\t\t\t\t<\/div>\n\t\t\t\t<\/div>\n\t\t\t\t\t<\/div>\n\t\t<\/div>\n\t\t\t\t\t\t\t<\/div>\n\t\t<\/section>\n\t\t\t\t<section class=\"elementor-section elementor-top-section elementor-element elementor-element-0aa0025 elementor-section-boxed elementor-section-height-default elementor-section-height-default\" data-id=\"0aa0025\" data-element_type=\"section\" data-settings=\"{&quot;background_background&quot;:&quot;classic&quot;}\">\n\t\t\t\t\t\t<div class=\"elementor-container elementor-column-gap-default\">\n\t\t\t\t\t<div class=\"elementor-column elementor-col-100 elementor-top-column elementor-element elementor-element-87c4f12\" data-id=\"87c4f12\" data-element_type=\"column\">\n\t\t\t<div class=\"elementor-widget-wrap elementor-element-populated\">\n\t\t\t\t\t\t\t\t<div class=\"elementor-element elementor-element-bbe79a0 elementor-widget elementor-widget-heading\" data-id=\"bbe79a0\" data-element_type=\"widget\" data-widget_type=\"heading.default\">\n\t\t\t\t<div class=\"elementor-widget-container\">\n\t\t\t<style>\/*! elementor - v3.10.1 - 17-01-2023 *\/\n.elementor-heading-title{padding:0;margin:0;line-height:1}.elementor-widget-heading .elementor-heading-title[class*=elementor-size-]>a{color:inherit;font-size:inherit;line-height:inherit}.elementor-widget-heading .elementor-heading-title.elementor-size-small{font-size:15px}.elementor-widget-heading .elementor-heading-title.elementor-size-medium{font-size:19px}.elementor-widget-heading .elementor-heading-title.elementor-size-large{font-size:29px}.elementor-widget-heading .elementor-heading-title.elementor-size-xl{font-size:39px}.elementor-widget-heading .elementor-heading-title.elementor-size-xxl{font-size:59px}<\/style><h2 class=\"elementor-heading-title elementor-size-default\">BEJELENTKEZ\u00c9S: +36304952323<\/h2>\t\t<\/div>\n\t\t\t\t<\/div>\n\t\t\t\t\t<\/div>\n\t\t<\/div>\n\t\t\t\t\t\t\t<\/div>\n\t\t<\/section>\n\t\t\t\t<section class=\"elementor-section elementor-top-section elementor-element elementor-element-b41a2d1 elementor-section-boxed elementor-section-height-default elementor-section-height-default\" data-id=\"b41a2d1\" data-element_type=\"section\" data-settings=\"{&quot;background_background&quot;:&quot;classic&quot;}\">\n\t\t\t\t\t\t<div class=\"elementor-container elementor-column-gap-default\">\n\t\t\t\t\t<div class=\"elementor-column elementor-col-100 elementor-top-column elementor-element elementor-element-9b842b2\" data-id=\"9b842b2\" data-element_type=\"column\">\n\t\t\t<div class=\"elementor-widget-wrap elementor-element-populated\">\n\t\t\t\t\t\t\t\t<div class=\"elementor-element elementor-element-6b76a48 elementor-widget elementor-widget-heading\" data-id=\"6b76a48\" data-element_type=\"widget\" data-widget_type=\"heading.default\">\n\t\t\t\t<div class=\"elementor-widget-container\">\n\t\t\t<h2 class=\"elementor-heading-title elementor-size-default\">Email: szepsibernadett.pszichologus@gmail.com<\/h2>\t\t<\/div>\n\t\t\t\t<\/div>\n\t\t\t\t\t<\/div>\n\t\t<\/div>\n\t\t\t\t\t\t\t<\/div>\n\t\t<\/section>\n\t\t\t\t<section class=\"elementor-section elementor-top-section elementor-element elementor-element-8275b83 elementor-section-boxed elementor-section-height-default elementor-section-height-default\" data-id=\"8275b83\" data-element_type=\"section\" data-settings=\"{&quot;background_background&quot;:&quot;classic&quot;}\">\n\t\t\t\t\t\t<div class=\"elementor-container elementor-column-gap-default\">\n\t\t\t\t\t<div class=\"elementor-column elementor-col-100 elementor-top-column elementor-element elementor-element-32f24c4\" data-id=\"32f24c4\" data-element_type=\"column\">\n\t\t\t<div class=\"elementor-widget-wrap elementor-element-populated\">\n\t\t\t\t\t\t\t\t<div class=\"elementor-element elementor-element-f5e2ff1 elementor-widget elementor-widget-text-editor\" data-id=\"f5e2ff1\" data-element_type=\"widget\" data-widget_type=\"text-editor.default\">\n\t\t\t\t<div class=\"elementor-widget-container\">\n\t\t\t\t\t\t\t<p>Sz\u00e1ml\u00e1t, illetve nyugt\u00e1t csak mag\u00e1nszem\u00e9ly sz\u00e1m\u00e1ra tudok ki\u00e1ll\u00edtani!<\/p>\t\t\t\t\t\t<\/div>\n\t\t\t\t<\/div>\n\t\t\t\t\t<\/div>\n\t\t<\/div>\n\t\t\t\t\t\t\t<\/div>\n\t\t<\/section>\n\t\t\t\t<section class=\"elementor-section elementor-top-section elementor-element elementor-element-487379b elementor-section-boxed elementor-section-height-default elementor-section-height-default\" data-id=\"487379b\" data-element_type=\"section\" data-settings=\"{&quot;background_background&quot;:&quot;classic&quot;}\">\n\t\t\t\t\t\t<div class=\"elementor-container elementor-column-gap-default\">\n\t\t\t\t\t<div class=\"elementor-column elementor-col-100 elementor-top-column elementor-element elementor-element-afbfafd\" data-id=\"afbfafd\" data-element_type=\"column\">\n\t\t\t<div class=\"elementor-widget-wrap elementor-element-populated\">\n\t\t\t\t\t\t\t\t<div class=\"elementor-element elementor-element-ad88866 elementor-widget elementor-widget-text-editor\" data-id=\"ad88866\" data-element_type=\"widget\" data-widget_type=\"text-editor.default\">\n\t\t\t\t<div class=\"elementor-widget-container\">\n\t\t\t\t\t\t\t<p>Helysz\u00ednek \u00e9s rendel\u00e9si id\u0151:<\/p>\t\t\t\t\t\t<\/div>\n\t\t\t\t<\/div>\n\t\t\t\t\t<\/div>\n\t\t<\/div>\n\t\t\t\t\t\t\t<\/div>\n\t\t<\/section>\n\t\t\t\t<section class=\"elementor-section elementor-top-section elementor-element elementor-element-0a6c0b5 elementor-section-boxed elementor-section-height-default elementor-section-height-default\" data-id=\"0a6c0b5\" data-element_type=\"section\" data-settings=\"{&quot;background_background&quot;:&quot;classic&quot;}\">\n\t\t\t\t\t\t<div class=\"elementor-container elementor-column-gap-default\">\n\t\t\t\t\t<div class=\"elementor-column elementor-col-50 elementor-top-column elementor-element elementor-element-a4a53f4\" data-id=\"a4a53f4\" data-element_type=\"column\">\n\t\t\t<div class=\"elementor-widget-wrap elementor-element-populated\">\n\t\t\t\t\t\t\t\t<div class=\"elementor-element elementor-element-7c38dd3 elementor-widget elementor-widget-text-editor\" data-id=\"7c38dd3\" data-element_type=\"widget\" data-widget_type=\"text-editor.default\">\n\t\t\t\t<div class=\"elementor-widget-container\">\n\t\t\t\t\t\t\t<p>Budapest, I. ker\u00fclet<\/p><p>Sz\u00e9na t\u00e9r 7. 1. emelet 2., 6-os kapucseng\u0151<\/p><p>Rendel\u00e9si id\u0151: H\u00e9tf\u0151, kedd \u00e9s szombat<\/p><p>(megbesz\u00e9l\u00e9s alapj\u00e1n)<\/p>\t\t\t\t\t\t<\/div>\n\t\t\t\t<\/div>\n\t\t\t\t<div class=\"elementor-element elementor-element-283344a elementor-widget elementor-widget-google_maps\" data-id=\"283344a\" data-element_type=\"widget\" data-widget_type=\"google_maps.default\">\n\t\t\t\t<div class=\"elementor-widget-container\">\n\t\t\t<style>\/*! elementor - v3.10.1 - 17-01-2023 *\/\n.elementor-widget-google_maps .elementor-widget-container{overflow:hidden}.elementor-widget-google_maps iframe{height:300px}<\/style>\t\t<div class=\"elementor-custom-embed\">\n\t\t\t<iframe loading=\"lazy\"\n\t\t\t\t\tsrc=\"https:\/\/maps.google.com\/maps?q=Budapest%2C%20Sz%C3%A9na%20t%C3%A9r%207.&#038;t=m&#038;z=16&#038;output=embed&#038;iwloc=near\"\n\t\t\t\t\ttitle=\"Budapest, Sz\u00e9na t\u00e9r 7.\"\n\t\t\t\t\taria-label=\"Budapest, Sz\u00e9na t\u00e9r 7.\"\n\t\t\t><\/iframe>\n\t\t<\/div>\n\t\t\t\t<\/div>\n\t\t\t\t<\/div>\n\t\t\t\t\t<\/div>\n\t\t<\/div>\n\t\t\t\t<div class=\"elementor-column elementor-col-50 elementor-top-column elementor-element elementor-element-efea4d1\" data-id=\"efea4d1\" data-element_type=\"column\">\n\t\t\t<div class=\"elementor-widget-wrap elementor-element-populated\">\n\t\t\t\t\t\t\t\t<div class=\"elementor-element elementor-element-d72ce4f elementor-widget elementor-widget-text-editor\" data-id=\"d72ce4f\" data-element_type=\"widget\" data-widget_type=\"text-editor.default\">\n\t\t\t\t<div class=\"elementor-widget-container\">\n\t\t\t\t\t\t\t<p>Budapest, XVIII. ker\u00fclet<\/p><p>Sina Simon s\u00e9t\u00e1ny 8.<\/p><p>Rendel\u00e9si id\u0151: p\u00e9ntek (megbesz\u00e9l\u00e9s alapj\u00e1n)<\/p>\t\t\t\t\t\t<\/div>\n\t\t\t\t<\/div>\n\t\t\t\t<div class=\"elementor-element elementor-element-558f2f6 elementor-widget elementor-widget-google_maps\" data-id=\"558f2f6\" data-element_type=\"widget\" data-widget_type=\"google_maps.default\">\n\t\t\t\t<div class=\"elementor-widget-container\">\n\t\t\t\t\t<div class=\"elementor-custom-embed\">\n\t\t\t<iframe loading=\"lazy\"\n\t\t\t\t\tsrc=\"https:\/\/maps.google.com\/maps?q=Budapest%2C%20Sina%20simon%20s%C3%A9t%C3%A1ny%208.&#038;t=m&#038;z=17&#038;output=embed&#038;iwloc=near\"\n\t\t\t\t\ttitle=\"Budapest, Sina simon s\u00e9t\u00e1ny 8.\"\n\t\t\t\t\taria-label=\"Budapest, Sina simon s\u00e9t\u00e1ny 8.\"\n\t\t\t><\/iframe>\n\t\t<\/div>\n\t\t\t\t<\/div>\n\t\t\t\t<\/div>\n\t\t\t\t\t<\/div>\n\t\t<\/div>\n\t\t\t\t\t\t\t<\/div>\n\t\t<\/section>\n\t\t\t\t\t\t\t<\/div>\n\t\t","protected":false},"excerpt":{"rendered":"<p>Szepsi Bernadett Feln\u0151tt klinikai szakpszichol\u00f3gus Szepsi Bernadett \u2013 Feln\u0151tt klinikai szakpszichol\u00f3gus Budapesten \u00a0 Budapesti rendel\u0151mben szakmai t\u00e1mogat\u00e1ssal \u00e9s emberi odafigyel\u00e9ssel seg\u00edtek, ha szorong\u00e1s, hangulatzavar, \u00e9letk\u00f6zepi v\u00e1ls\u00e1g vagy p\u00e1rkapcsolati neh\u00e9zs\u00e9gek miatt keresel pszichol\u00f3gust. Hiszem, hogy minden \u00e9lethelyzetben lehet \u00faj utat tal\u00e1lni, \u00e9s a bels\u0151 er\u0151forr\u00e1sokat \u00fajra felfedezni. Feln\u0151tt klinikai szakpszichol\u00f3gusk\u00e9nt c\u00e9lom, hogy biztons\u00e1gos, elfogad\u00f3 l\u00e9gk\u00f6rben k\u00f6z\u00f6sen [&hellip;]<\/p>\n","protected":false},"author":1,"featured_media":0,"parent":0,"menu_order":0,"comment_status":"closed","ping_status":"closed","template":"","meta":{"om_disable_all_campaigns":false,"_monsterinsights_skip_tracking":false,"_monsterinsights_sitenote_active":false,"_monsterinsights_sitenote_note":"","_monsterinsights_sitenote_category":0,"footnotes":""},"aioseo_notices":[],"yoast_head":"<!-- This site is optimized with the Yoast SEO plugin v20.4 - https:\/\/yoast.com\/wordpress\/plugins\/seo\/ -->\n<title>Kezd\u0151lap - pszichotime.hu<\/title>\n<meta name=\"robots\" content=\"index, follow, max-snippet:-1, max-image-preview:large, max-video-preview:-1\" \/>\n<link rel=\"canonical\" href=\"https:\/\/pszichotime.hu\/\" \/>\n<meta property=\"og:locale\" content=\"hu_HU\" \/>\n<meta property=\"og:type\" content=\"article\" \/>\n<meta property=\"og:title\" content=\"Kezd\u0151lap - pszichotime.hu\" \/>\n<meta property=\"og:description\" content=\"Szepsi Bernadett Feln\u0151tt klinikai szakpszichol\u00f3gus Szepsi Bernadett \u2013 Feln\u0151tt klinikai szakpszichol\u00f3gus Budapesten \u00a0 Budapesti rendel\u0151mben szakmai t\u00e1mogat\u00e1ssal \u00e9s emberi odafigyel\u00e9ssel seg\u00edtek, ha szorong\u00e1s, hangulatzavar, \u00e9letk\u00f6zepi v\u00e1ls\u00e1g vagy p\u00e1rkapcsolati neh\u00e9zs\u00e9gek miatt keresel pszichol\u00f3gust. Hiszem, hogy minden \u00e9lethelyzetben lehet \u00faj utat tal\u00e1lni, \u00e9s a bels\u0151 er\u0151forr\u00e1sokat \u00fajra felfedezni. Feln\u0151tt klinikai szakpszichol\u00f3gusk\u00e9nt c\u00e9lom, hogy biztons\u00e1gos, elfogad\u00f3 l\u00e9gk\u00f6rben k\u00f6z\u00f6sen [&hellip;]\" \/>\n<meta property=\"og:url\" content=\"https:\/\/pszichotime.hu\/\" \/>\n<meta property=\"og:site_name\" content=\"pszichotime.hu\" \/>\n<meta property=\"article:modified_time\" content=\"2025-07-18T14:27:00+00:00\" \/>\n<meta property=\"og:image\" content=\"http:\/\/pszichotime.hu\/wp-content\/uploads\/2024\/02\/Erted-103.jpg\" \/>\n<meta name=\"twitter:card\" content=\"summary_large_image\" \/>\n<meta name=\"twitter:label1\" content=\"Becs\u00fclt olvas\u00e1si id\u0151\" \/>\n\t<meta name=\"twitter:data1\" content=\"2 perc\" \/>\n<script type=\"application\/ld+json\" class=\"yoast-schema-graph\">{\"@context\":\"https:\/\/schema.org\",\"@graph\":[{\"@type\":\"WebPage\",\"@id\":\"https:\/\/pszichotime.hu\/\",\"url\":\"https:\/\/pszichotime.hu\/\",\"name\":\"Kezd\u0151lap - pszichotime.hu\",\"isPartOf\":{\"@id\":\"https:\/\/pszichotime.hu\/#website\"},\"datePublished\":\"2023-01-04T07:20:02+00:00\",\"dateModified\":\"2025-07-18T14:27:00+00:00\",\"breadcrumb\":{\"@id\":\"https:\/\/pszichotime.hu\/#breadcrumb\"},\"inLanguage\":\"hu\",\"potentialAction\":[{\"@type\":\"ReadAction\",\"target\":[\"https:\/\/pszichotime.hu\/\"]}]},{\"@type\":\"BreadcrumbList\",\"@id\":\"https:\/\/pszichotime.hu\/#breadcrumb\",\"itemListElement\":[{\"@type\":\"ListItem\",\"position\":1,\"name\":\"Kezd\u0151lap\",\"item\":\"https:\/\/pszichotime.hu\/\"},{\"@type\":\"ListItem\",\"position\":2,\"name\":\"Kezd\u0151lap\"}]},{\"@type\":\"WebSite\",\"@id\":\"https:\/\/pszichotime.hu\/#website\",\"url\":\"https:\/\/pszichotime.hu\/\",\"name\":\"pszichotime.hu\",\"description\":\"Klinikai szakpszichol\u00f3gus\",\"publisher\":{\"@id\":\"https:\/\/pszichotime.hu\/#organization\"},\"potentialAction\":[{\"@type\":\"SearchAction\",\"target\":{\"@type\":\"EntryPoint\",\"urlTemplate\":\"https:\/\/pszichotime.hu\/?s={search_term_string}\"},\"query-input\":\"required name=search_term_string\"}],\"inLanguage\":\"hu\"},{\"@type\":\"Organization\",\"@id\":\"https:\/\/pszichotime.hu\/#organization\",\"name\":\"pszichotime.hu\",\"url\":\"https:\/\/pszichotime.hu\/\",\"logo\":{\"@type\":\"ImageObject\",\"inLanguage\":\"hu\",\"@id\":\"https:\/\/pszichotime.hu\/#\/schema\/logo\/image\/\",\"url\":\"https:\/\/pszichotime.hu\/wp-content\/uploads\/2023\/01\/E8014613-C958-47E8-99B0-628CB713E37D.png\",\"contentUrl\":\"https:\/\/pszichotime.hu\/wp-content\/uploads\/2023\/01\/E8014613-C958-47E8-99B0-628CB713E37D.png\",\"width\":1250,\"height\":1250,\"caption\":\"pszichotime.hu\"},\"image\":{\"@id\":\"https:\/\/pszichotime.hu\/#\/schema\/logo\/image\/\"}}]}<\/script>\n<!-- \/ Yoast SEO plugin. -->","yoast_head_json":{"title":"Kezd\u0151lap - pszichotime.hu","robots":{"index":"index","follow":"follow","max-snippet":"max-snippet:-1","max-image-preview":"max-image-preview:large","max-video-preview":"max-video-preview:-1"},"canonical":"https:\/\/pszichotime.hu\/","og_locale":"hu_HU","og_type":"article","og_title":"Kezd\u0151lap - pszichotime.hu","og_description":"Szepsi Bernadett Feln\u0151tt klinikai szakpszichol\u00f3gus Szepsi Bernadett \u2013 Feln\u0151tt klinikai szakpszichol\u00f3gus Budapesten \u00a0 Budapesti rendel\u0151mben szakmai t\u00e1mogat\u00e1ssal \u00e9s emberi odafigyel\u00e9ssel seg\u00edtek, ha szorong\u00e1s, hangulatzavar, \u00e9letk\u00f6zepi v\u00e1ls\u00e1g vagy p\u00e1rkapcsolati neh\u00e9zs\u00e9gek miatt keresel pszichol\u00f3gust. Hiszem, hogy minden \u00e9lethelyzetben lehet \u00faj utat tal\u00e1lni, \u00e9s a bels\u0151 er\u0151forr\u00e1sokat \u00fajra felfedezni. Feln\u0151tt klinikai szakpszichol\u00f3gusk\u00e9nt c\u00e9lom, hogy biztons\u00e1gos, elfogad\u00f3 l\u00e9gk\u00f6rben k\u00f6z\u00f6sen [&hellip;]","og_url":"https:\/\/pszichotime.hu\/","og_site_name":"pszichotime.hu","article_modified_time":"2025-07-18T14:27:00+00:00","og_image":[{"url":"http:\/\/pszichotime.hu\/wp-content\/uploads\/2024\/02\/Erted-103.jpg"}],"twitter_card":"summary_large_image","twitter_misc":{"Becs\u00fclt olvas\u00e1si id\u0151":"2 perc"},"schema":{"@context":"https:\/\/schema.org","@graph":[{"@type":"WebPage","@id":"https:\/\/pszichotime.hu\/","url":"https:\/\/pszichotime.hu\/","name":"Kezd\u0151lap - pszichotime.hu","isPartOf":{"@id":"https:\/\/pszichotime.hu\/#website"},"datePublished":"2023-01-04T07:20:02+00:00","dateModified":"2025-07-18T14:27:00+00:00","breadcrumb":{"@id":"https:\/\/pszichotime.hu\/#breadcrumb"},"inLanguage":"hu","potentialAction":[{"@type":"ReadAction","target":["https:\/\/pszichotime.hu\/"]}]},{"@type":"BreadcrumbList","@id":"https:\/\/pszichotime.hu\/#breadcrumb","itemListElement":[{"@type":"ListItem","position":1,"name":"Kezd\u0151lap","item":"https:\/\/pszichotime.hu\/"},{"@type":"ListItem","position":2,"name":"Kezd\u0151lap"}]},{"@type":"WebSite","@id":"https:\/\/pszichotime.hu\/#website","url":"https:\/\/pszichotime.hu\/","name":"pszichotime.hu","description":"Klinikai szakpszichol\u00f3gus","publisher":{"@id":"https:\/\/pszichotime.hu\/#organization"},"potentialAction":[{"@type":"SearchAction","target":{"@type":"EntryPoint","urlTemplate":"https:\/\/pszichotime.hu\/?s={search_term_string}"},"query-input":"required name=search_term_string"}],"inLanguage":"hu"},{"@type":"Organization","@id":"https:\/\/pszichotime.hu\/#organization","name":"pszichotime.hu","url":"https:\/\/pszichotime.hu\/","logo":{"@type":"ImageObject","inLanguage":"hu","@id":"https:\/\/pszichotime.hu\/#\/schema\/logo\/image\/","url":"https:\/\/pszichotime.hu\/wp-content\/uploads\/2023\/01\/E8014613-C958-47E8-99B0-628CB713E37D.png","contentUrl":"https:\/\/pszichotime.hu\/wp-content\/uploads\/2023\/01\/E8014613-C958-47E8-99B0-628CB713E37D.png","width":1250,"height":1250,"caption":"pszichotime.hu"},"image":{"@id":"https:\/\/pszichotime.hu\/#\/schema\/logo\/image\/"}}]}},"_links":{"self":[{"href":"https:\/\/pszichotime.hu\/index.php?rest_route=\/wp\/v2\/pages\/9"}],"collection":[{"href":"https:\/\/pszichotime.hu\/index.php?rest_route=\/wp\/v2\/pages"}],"about":[{"href":"https:\/\/pszichotime.hu\/index.php?rest_route=\/wp\/v2\/types\/page"}],"author":[{"embeddable":true,"href":"https:\/\/pszichotime.hu\/index.php?rest_route=\/wp\/v2\/users\/1"}],"replies":[{"embeddable":true,"href":"https:\/\/pszichotime.hu\/index.php?rest_route=%2Fwp%2Fv2%2Fcomments&post=9"}],"version-history":[{"count":6,"href":"https:\/\/pszichotime.hu\/index.php?rest_route=\/wp\/v2\/pages\/9\/revisions"}],"predecessor-version":[{"id":1246,"href":"https:\/\/pszichotime.hu\/index.php?rest_route=\/wp\/v2\/pages\/9\/revisions\/1246"}],"wp:attachment":[{"href":"https:\/\/pszichotime.hu\/index.php?rest_route=%2Fwp%2Fv2%2Fmedia&parent=9"}],"curies":[{"name":"wp","href":"https:\/\/api.w.org\/{rel}","templated":true}]}}