{"id":17,"date":"2023-01-04T07:22:26","date_gmt":"2023-01-04T07:22:26","guid":{"rendered":"https:\/\/pszichotime.hu\/?page_id=17"},"modified":"2025-07-18T14:49:11","modified_gmt":"2025-07-18T14:49:11","slug":"elerhetosegek","status":"publish","type":"page","link":"https:\/\/pszichotime.hu\/?page_id=17","title":{"rendered":"El\u00e9rhet\u0151s\u00e9gek"},"content":{"rendered":"\t\t<div data-elementor-type=\"wp-page\" data-elementor-id=\"17\" class=\"elementor elementor-17\">\n\t\t\t\t\t\t\t\t\t<section class=\"elementor-section elementor-top-section elementor-element elementor-element-822d7d3 elementor-section-boxed elementor-section-height-default elementor-section-height-default\" data-id=\"822d7d3\" data-element_type=\"section\">\n\t\t\t\t\t\t<div class=\"elementor-container elementor-column-gap-default\">\n\t\t\t\t\t<div class=\"elementor-column elementor-col-100 elementor-top-column elementor-element elementor-element-2e2c9f3\" data-id=\"2e2c9f3\" data-element_type=\"column\">\n\t\t\t<div class=\"elementor-widget-wrap elementor-element-populated\">\n\t\t\t\t\t\t\t\t<div class=\"elementor-element elementor-element-a0d49ca elementor-widget elementor-widget-text-editor\" data-id=\"a0d49ca\" data-element_type=\"widget\" data-widget_type=\"text-editor.default\">\n\t\t\t\t<div class=\"elementor-widget-container\">\n\t\t\t<style>\/*! elementor - v3.10.1 - 17-01-2023 *\/\n.elementor-widget-text-editor.elementor-drop-cap-view-stacked .elementor-drop-cap{background-color:#818a91;color:#fff}.elementor-widget-text-editor.elementor-drop-cap-view-framed .elementor-drop-cap{color:#818a91;border:3px solid;background-color:transparent}.elementor-widget-text-editor:not(.elementor-drop-cap-view-default) .elementor-drop-cap{margin-top:8px}.elementor-widget-text-editor:not(.elementor-drop-cap-view-default) .elementor-drop-cap-letter{width:1em;height:1em}.elementor-widget-text-editor .elementor-drop-cap{float:left;text-align:center;line-height:1;font-size:50px}.elementor-widget-text-editor .elementor-drop-cap-letter{display:inline-block}<\/style>\t\t\t\t<p>EL\u00c9RHET\u0150S\u00c9GEIM<\/p>\t\t\t\t\t\t<\/div>\n\t\t\t\t<\/div>\n\t\t\t\t\t<\/div>\n\t\t<\/div>\n\t\t\t\t\t\t\t<\/div>\n\t\t<\/section>\n\t\t\t\t<section class=\"elementor-section elementor-top-section elementor-element elementor-element-b849ec3 elementor-section-boxed elementor-section-height-default elementor-section-height-default\" data-id=\"b849ec3\" data-element_type=\"section\">\n\t\t\t\t\t\t<div class=\"elementor-container elementor-column-gap-default\">\n\t\t\t\t\t<div class=\"elementor-column elementor-col-100 elementor-top-column elementor-element elementor-element-5e8f609\" data-id=\"5e8f609\" data-element_type=\"column\">\n\t\t\t<div class=\"elementor-widget-wrap elementor-element-populated\">\n\t\t\t\t\t\t\t\t<div class=\"elementor-element elementor-element-bbeb310 elementor-widget elementor-widget-text-editor\" data-id=\"bbeb310\" data-element_type=\"widget\" data-widget_type=\"text-editor.default\">\n\t\t\t\t<div class=\"elementor-widget-container\">\n\t\t\t\t\t\t\t<p>El\u0151re is k\u00f6sz\u00f6n\u00f6m, ha megtisztel bizalm\u00e1val \u00e9s felkeres.<br \/>El\u0151zetes id\u0151pontegyeztet\u00e9s ut\u00e1n tudom \u00d6nt\/\u00d6n\u00f6ket fogadni az al\u00e1bbi helysz\u00edneken:<\/p><p>&#8211; Budapest, I. ker\u00fclet, Sz\u00e9na t\u00e9r 7. 1. emelet 2.<\/p><p>&#8211; Budapest, XVIII. ker\u00fclet, Sina Simon s\u00e9t\u00e1ny 8.<\/p><p>Bejelentkezni az al\u00e1bbi telefonsz\u00e1mon lehet:<\/p><p>+36304952323<\/p>\t\t\t\t\t\t<\/div>\n\t\t\t\t<\/div>\n\t\t\t\t<div class=\"elementor-element elementor-element-2c340d1 elementor-widget elementor-widget-image\" data-id=\"2c340d1\" data-element_type=\"widget\" data-widget_type=\"image.default\">\n\t\t\t\t<div class=\"elementor-widget-container\">\n\t\t\t<style>\/*! elementor - v3.10.1 - 17-01-2023 *\/\n.elementor-widget-image{text-align:center}.elementor-widget-image a{display:inline-block}.elementor-widget-image a img[src$=\".svg\"]{width:48px}.elementor-widget-image img{vertical-align:middle;display:inline-block}<\/style>\t\t\t\t\t\t\t\t\t<figure class=\"wp-caption\">\n\t\t\t\t\t\t\t\t\t\t<img decoding=\"async\" loading=\"lazy\" width=\"1536\" height=\"1152\" src=\"https:\/\/pszichotime.hu\/wp-content\/uploads\/2023\/11\/IMG_4747-1536x1152.jpeg\" class=\"attachment-1536x1536 size-1536x1536 wp-image-898\" alt=\"\" srcset=\"https:\/\/pszichotime.hu\/wp-content\/uploads\/2023\/11\/IMG_4747-1536x1152.jpeg 1536w, https:\/\/pszichotime.hu\/wp-content\/uploads\/2023\/11\/IMG_4747-300x225.jpeg 300w, https:\/\/pszichotime.hu\/wp-content\/uploads\/2023\/11\/IMG_4747-1024x768.jpeg 1024w, https:\/\/pszichotime.hu\/wp-content\/uploads\/2023\/11\/IMG_4747-768x576.jpeg 768w, https:\/\/pszichotime.hu\/wp-content\/uploads\/2023\/11\/IMG_4747.jpeg 2000w\" sizes=\"(max-width: 1536px) 100vw, 1536px\" \/>\t\t\t\t\t\t\t\t\t\t\t<figcaption class=\"widget-image-caption wp-caption-text\">Sz\u00e9na t\u00e9ri rendel\u0151<\/figcaption>\n\t\t\t\t\t\t\t\t\t\t<\/figure>\n\t\t\t\t\t\t\t\t\t<\/div>\n\t\t\t\t<\/div>\n\t\t\t\t\t<\/div>\n\t\t<\/div>\n\t\t\t\t\t\t\t<\/div>\n\t\t<\/section>\n\t\t\t\t\t\t\t<\/div>\n\t\t","protected":false},"excerpt":{"rendered":"<p>EL\u00c9RHET\u0150S\u00c9GEIM El\u0151re is k\u00f6sz\u00f6n\u00f6m, ha megtisztel bizalm\u00e1val \u00e9s felkeres.El\u0151zetes id\u0151pontegyeztet\u00e9s ut\u00e1n tudom \u00d6nt\/\u00d6n\u00f6ket fogadni az al\u00e1bbi helysz\u00edneken: &#8211; Budapest, I. ker\u00fclet, Sz\u00e9na t\u00e9r 7. 1. emelet 2. &#8211; Budapest, XVIII. ker\u00fclet, Sina Simon s\u00e9t\u00e1ny 8. Bejelentkezni az al\u00e1bbi telefonsz\u00e1mon lehet: +36304952323 Sz\u00e9na t\u00e9ri rendel\u0151<\/p>\n","protected":false},"author":1,"featured_media":0,"parent":0,"menu_order":0,"comment_status":"closed","ping_status":"closed","template":"","meta":{"om_disable_all_campaigns":false,"_monsterinsights_skip_tracking":false,"_monsterinsights_sitenote_active":false,"_monsterinsights_sitenote_note":"","_monsterinsights_sitenote_category":0,"footnotes":""},"aioseo_notices":[],"yoast_head":"<!-- This site is optimized with the Yoast SEO plugin v20.4 - https:\/\/yoast.com\/wordpress\/plugins\/seo\/ -->\n<title>El\u00e9rhet\u0151s\u00e9gek - pszichotime.hu<\/title>\n<meta name=\"robots\" content=\"index, follow, max-snippet:-1, max-image-preview:large, max-video-preview:-1\" \/>\n<link rel=\"canonical\" href=\"https:\/\/pszichotime.hu\/?page_id=17\" \/>\n<meta property=\"og:locale\" content=\"hu_HU\" \/>\n<meta property=\"og:type\" content=\"article\" \/>\n<meta property=\"og:title\" content=\"El\u00e9rhet\u0151s\u00e9gek - pszichotime.hu\" \/>\n<meta property=\"og:description\" content=\"EL\u00c9RHET\u0150S\u00c9GEIM El\u0151re is k\u00f6sz\u00f6n\u00f6m, ha megtisztel bizalm\u00e1val \u00e9s felkeres.El\u0151zetes id\u0151pontegyeztet\u00e9s ut\u00e1n tudom \u00d6nt\/\u00d6n\u00f6ket fogadni az al\u00e1bbi helysz\u00edneken: &#8211; Budapest, I. ker\u00fclet, Sz\u00e9na t\u00e9r 7. 1. emelet 2. &#8211; Budapest, XVIII. ker\u00fclet, Sina Simon s\u00e9t\u00e1ny 8. Bejelentkezni az al\u00e1bbi telefonsz\u00e1mon lehet: +36304952323 Sz\u00e9na t\u00e9ri rendel\u0151\" \/>\n<meta property=\"og:url\" content=\"https:\/\/pszichotime.hu\/?page_id=17\" \/>\n<meta property=\"og:site_name\" content=\"pszichotime.hu\" \/>\n<meta property=\"article:modified_time\" content=\"2025-07-18T14:49:11+00:00\" \/>\n<meta property=\"og:image\" content=\"http:\/\/pszichotime.hu\/wp-content\/uploads\/2023\/11\/IMG_4747-1536x1152.jpeg\" \/>\n<meta name=\"twitter:card\" content=\"summary_large_image\" \/>\n<meta name=\"twitter:label1\" content=\"Becs\u00fclt olvas\u00e1si id\u0151\" \/>\n\t<meta name=\"twitter:data1\" content=\"1 perc\" \/>\n<script type=\"application\/ld+json\" class=\"yoast-schema-graph\">{\"@context\":\"https:\/\/schema.org\",\"@graph\":[{\"@type\":\"WebPage\",\"@id\":\"https:\/\/pszichotime.hu\/?page_id=17\",\"url\":\"https:\/\/pszichotime.hu\/?page_id=17\",\"name\":\"El\u00e9rhet\u0151s\u00e9gek - pszichotime.hu\",\"isPartOf\":{\"@id\":\"https:\/\/pszichotime.hu\/#website\"},\"datePublished\":\"2023-01-04T07:22:26+00:00\",\"dateModified\":\"2025-07-18T14:49:11+00:00\",\"breadcrumb\":{\"@id\":\"https:\/\/pszichotime.hu\/?page_id=17#breadcrumb\"},\"inLanguage\":\"hu\",\"potentialAction\":[{\"@type\":\"ReadAction\",\"target\":[\"https:\/\/pszichotime.hu\/?page_id=17\"]}]},{\"@type\":\"BreadcrumbList\",\"@id\":\"https:\/\/pszichotime.hu\/?page_id=17#breadcrumb\",\"itemListElement\":[{\"@type\":\"ListItem\",\"position\":1,\"name\":\"Kezd\u0151lap\",\"item\":\"https:\/\/pszichotime.hu\/\"},{\"@type\":\"ListItem\",\"position\":2,\"name\":\"El\u00e9rhet\u0151s\u00e9gek\"}]},{\"@type\":\"WebSite\",\"@id\":\"https:\/\/pszichotime.hu\/#website\",\"url\":\"https:\/\/pszichotime.hu\/\",\"name\":\"pszichotime.hu\",\"description\":\"Klinikai szakpszichol\u00f3gus\",\"publisher\":{\"@id\":\"https:\/\/pszichotime.hu\/#organization\"},\"potentialAction\":[{\"@type\":\"SearchAction\",\"target\":{\"@type\":\"EntryPoint\",\"urlTemplate\":\"https:\/\/pszichotime.hu\/?s={search_term_string}\"},\"query-input\":\"required name=search_term_string\"}],\"inLanguage\":\"hu\"},{\"@type\":\"Organization\",\"@id\":\"https:\/\/pszichotime.hu\/#organization\",\"name\":\"pszichotime.hu\",\"url\":\"https:\/\/pszichotime.hu\/\",\"logo\":{\"@type\":\"ImageObject\",\"inLanguage\":\"hu\",\"@id\":\"https:\/\/pszichotime.hu\/#\/schema\/logo\/image\/\",\"url\":\"https:\/\/pszichotime.hu\/wp-content\/uploads\/2023\/01\/E8014613-C958-47E8-99B0-628CB713E37D.png\",\"contentUrl\":\"https:\/\/pszichotime.hu\/wp-content\/uploads\/2023\/01\/E8014613-C958-47E8-99B0-628CB713E37D.png\",\"width\":1250,\"height\":1250,\"caption\":\"pszichotime.hu\"},\"image\":{\"@id\":\"https:\/\/pszichotime.hu\/#\/schema\/logo\/image\/\"}}]}<\/script>\n<!-- \/ Yoast SEO plugin. -->","yoast_head_json":{"title":"El\u00e9rhet\u0151s\u00e9gek - pszichotime.hu","robots":{"index":"index","follow":"follow","max-snippet":"max-snippet:-1","max-image-preview":"max-image-preview:large","max-video-preview":"max-video-preview:-1"},"canonical":"https:\/\/pszichotime.hu\/?page_id=17","og_locale":"hu_HU","og_type":"article","og_title":"El\u00e9rhet\u0151s\u00e9gek - pszichotime.hu","og_description":"EL\u00c9RHET\u0150S\u00c9GEIM El\u0151re is k\u00f6sz\u00f6n\u00f6m, ha megtisztel bizalm\u00e1val \u00e9s felkeres.El\u0151zetes id\u0151pontegyeztet\u00e9s ut\u00e1n tudom \u00d6nt\/\u00d6n\u00f6ket fogadni az al\u00e1bbi helysz\u00edneken: &#8211; Budapest, I. ker\u00fclet, Sz\u00e9na t\u00e9r 7. 1. emelet 2. &#8211; Budapest, XVIII. ker\u00fclet, Sina Simon s\u00e9t\u00e1ny 8. Bejelentkezni az al\u00e1bbi telefonsz\u00e1mon lehet: +36304952323 Sz\u00e9na t\u00e9ri rendel\u0151","og_url":"https:\/\/pszichotime.hu\/?page_id=17","og_site_name":"pszichotime.hu","article_modified_time":"2025-07-18T14:49:11+00:00","og_image":[{"url":"http:\/\/pszichotime.hu\/wp-content\/uploads\/2023\/11\/IMG_4747-1536x1152.jpeg"}],"twitter_card":"summary_large_image","twitter_misc":{"Becs\u00fclt olvas\u00e1si id\u0151":"1 perc"},"schema":{"@context":"https:\/\/schema.org","@graph":[{"@type":"WebPage","@id":"https:\/\/pszichotime.hu\/?page_id=17","url":"https:\/\/pszichotime.hu\/?page_id=17","name":"El\u00e9rhet\u0151s\u00e9gek - pszichotime.hu","isPartOf":{"@id":"https:\/\/pszichotime.hu\/#website"},"datePublished":"2023-01-04T07:22:26+00:00","dateModified":"2025-07-18T14:49:11+00:00","breadcrumb":{"@id":"https:\/\/pszichotime.hu\/?page_id=17#breadcrumb"},"inLanguage":"hu","potentialAction":[{"@type":"ReadAction","target":["https:\/\/pszichotime.hu\/?page_id=17"]}]},{"@type":"BreadcrumbList","@id":"https:\/\/pszichotime.hu\/?page_id=17#breadcrumb","itemListElement":[{"@type":"ListItem","position":1,"name":"Kezd\u0151lap","item":"https:\/\/pszichotime.hu\/"},{"@type":"ListItem","position":2,"name":"El\u00e9rhet\u0151s\u00e9gek"}]},{"@type":"WebSite","@id":"https:\/\/pszichotime.hu\/#website","url":"https:\/\/pszichotime.hu\/","name":"pszichotime.hu","description":"Klinikai szakpszichol\u00f3gus","publisher":{"@id":"https:\/\/pszichotime.hu\/#organization"},"potentialAction":[{"@type":"SearchAction","target":{"@type":"EntryPoint","urlTemplate":"https:\/\/pszichotime.hu\/?s={search_term_string}"},"query-input":"required name=search_term_string"}],"inLanguage":"hu"},{"@type":"Organization","@id":"https:\/\/pszichotime.hu\/#organization","name":"pszichotime.hu","url":"https:\/\/pszichotime.hu\/","logo":{"@type":"ImageObject","inLanguage":"hu","@id":"https:\/\/pszichotime.hu\/#\/schema\/logo\/image\/","url":"https:\/\/pszichotime.hu\/wp-content\/uploads\/2023\/01\/E8014613-C958-47E8-99B0-628CB713E37D.png","contentUrl":"https:\/\/pszichotime.hu\/wp-content\/uploads\/2023\/01\/E8014613-C958-47E8-99B0-628CB713E37D.png","width":1250,"height":1250,"caption":"pszichotime.hu"},"image":{"@id":"https:\/\/pszichotime.hu\/#\/schema\/logo\/image\/"}}]}},"_links":{"self":[{"href":"https:\/\/pszichotime.hu\/index.php?rest_route=\/wp\/v2\/pages\/17"}],"collection":[{"href":"https:\/\/pszichotime.hu\/index.php?rest_route=\/wp\/v2\/pages"}],"about":[{"href":"https:\/\/pszichotime.hu\/index.php?rest_route=\/wp\/v2\/types\/page"}],"author":[{"embeddable":true,"href":"https:\/\/pszichotime.hu\/index.php?rest_route=\/wp\/v2\/users\/1"}],"replies":[{"embeddable":true,"href":"https:\/\/pszichotime.hu\/index.php?rest_route=%2Fwp%2Fv2%2Fcomments&post=17"}],"version-history":[{"count":6,"href":"https:\/\/pszichotime.hu\/index.php?rest_route=\/wp\/v2\/pages\/17\/revisions"}],"predecessor-version":[{"id":1271,"href":"https:\/\/pszichotime.hu\/index.php?rest_route=\/wp\/v2\/pages\/17\/revisions\/1271"}],"wp:attachment":[{"href":"https:\/\/pszichotime.hu\/index.php?rest_route=%2Fwp%2Fv2%2Fmedia&parent=17"}],"curies":[{"name":"wp","href":"https:\/\/api.w.org\/{rel}","templated":true}]}}