{"id":13,"date":"2023-01-04T07:22:03","date_gmt":"2023-01-04T07:22:03","guid":{"rendered":"https:\/\/pszichotime.hu\/?page_id=13"},"modified":"2025-07-18T14:18:19","modified_gmt":"2025-07-18T14:18:19","slug":"foglalkozasok","status":"publish","type":"page","link":"https:\/\/pszichotime.hu\/?page_id=13","title":{"rendered":"Foglalkoz\u00e1sok"},"content":{"rendered":"\t\t<div data-elementor-type=\"wp-page\" data-elementor-id=\"13\" class=\"elementor elementor-13\">\n\t\t\t\t\t\t\t\t\t<section class=\"elementor-section elementor-top-section elementor-element elementor-element-c1c8f03 elementor-section-boxed elementor-section-height-default elementor-section-height-default\" data-id=\"c1c8f03\" data-element_type=\"section\">\n\t\t\t\t\t\t<div class=\"elementor-container elementor-column-gap-default\">\n\t\t\t\t\t<div class=\"elementor-column elementor-col-100 elementor-top-column elementor-element elementor-element-ae5e07f\" data-id=\"ae5e07f\" data-element_type=\"column\">\n\t\t\t<div class=\"elementor-widget-wrap elementor-element-populated\">\n\t\t\t\t\t\t\t\t<div class=\"elementor-element elementor-element-db45b44 elementor-widget elementor-widget-text-editor\" data-id=\"db45b44\" data-element_type=\"widget\" data-widget_type=\"text-editor.default\">\n\t\t\t\t<div class=\"elementor-widget-container\">\n\t\t\t<style>\/*! elementor - v3.10.1 - 17-01-2023 *\/\n.elementor-widget-text-editor.elementor-drop-cap-view-stacked .elementor-drop-cap{background-color:#818a91;color:#fff}.elementor-widget-text-editor.elementor-drop-cap-view-framed .elementor-drop-cap{color:#818a91;border:3px solid;background-color:transparent}.elementor-widget-text-editor:not(.elementor-drop-cap-view-default) .elementor-drop-cap{margin-top:8px}.elementor-widget-text-editor:not(.elementor-drop-cap-view-default) .elementor-drop-cap-letter{width:1em;height:1em}.elementor-widget-text-editor .elementor-drop-cap{float:left;text-align:center;line-height:1;font-size:50px}.elementor-widget-text-editor .elementor-drop-cap-letter{display:inline-block}<\/style>\t\t\t\t<p><span style=\"text-decoration: underline;\"><strong>Egy\u00e9ni konzult\u00e1ci\u00f3k<\/strong><\/span><\/p><p>10 \u00e9ves kor f\u00f6l\u00f6tti gyerekeket \u00e9s feln\u0151tteket v\u00e1rok egy\u00e9ni konzult\u00e1ci\u00f3imra. Gyerekek\u00a0eset\u00e9ben mindig sz\u00fcks\u00e9g van a sz\u00fcl\u0151(k)\/gondvisel\u0151(k) hozz\u00e1j\u00e1rul\u00e1s\u00e1ra.<\/p><p>Az els\u0151 alkalmak ut\u00e1n k\u00f6z\u00f6sen t\u0171z\u00fcnk ki c\u00e9lt, amelyet szeretn\u00e9nk el\u00e9rni. Az ehhez sz\u00fcks\u00e9ges id\u0151 probl\u00e9m\u00e1t\u00f3l f\u00fcgg\u0151en v\u00e1ltozik.<\/p><p>Az egy\u00e9ni konzult\u00e1ci\u00f3k d\u00edja: 20.000 Ft\/50 perc.<\/p>\t\t\t\t\t\t<\/div>\n\t\t\t\t<\/div>\n\t\t\t\t\t<\/div>\n\t\t<\/div>\n\t\t\t\t\t\t\t<\/div>\n\t\t<\/section>\n\t\t\t\t<section class=\"elementor-section elementor-top-section elementor-element elementor-element-3d5cda2 elementor-section-boxed elementor-section-height-default elementor-section-height-default\" data-id=\"3d5cda2\" data-element_type=\"section\">\n\t\t\t\t\t\t<div class=\"elementor-container elementor-column-gap-default\">\n\t\t\t\t\t<div class=\"elementor-column elementor-col-100 elementor-top-column elementor-element elementor-element-20a8a02\" data-id=\"20a8a02\" data-element_type=\"column\">\n\t\t\t<div class=\"elementor-widget-wrap elementor-element-populated\">\n\t\t\t\t\t\t\t\t<div class=\"elementor-element elementor-element-7031161 elementor-widget elementor-widget-text-editor\" data-id=\"7031161\" data-element_type=\"widget\" data-widget_type=\"text-editor.default\">\n\t\t\t\t<div class=\"elementor-widget-container\">\n\t\t\t\t\t\t\t<p>P\u00e1r- \u00e9s csal\u00e1dkonzult\u00e1ci\u00f3:<\/p><p>Link:<\/p><p><blockquote class=\"wp-embedded-content\" data-secret=\"leR7KdVI2C\"><a href=\"https:\/\/pszichotime.hu\/?page_id=1100\">Family ties &#8211; p\u00e1r- \u00e9s csal\u00e1dkonzult\u00e1ci\u00f3<\/a><\/blockquote><iframe class=\"wp-embedded-content\" sandbox=\"allow-scripts\" security=\"restricted\" style=\"position: absolute; clip: rect(1px, 1px, 1px, 1px);\" title=\"&#8220;Family ties &#8211; p\u00e1r- \u00e9s csal\u00e1dkonzult\u00e1ci\u00f3&#8221; &#8212; pszichotime.hu\" src=\"https:\/\/pszichotime.hu\/?page_id=1100&#038;embed=true#?secret=V3GaCdNW7Z#?secret=leR7KdVI2C\" data-secret=\"leR7KdVI2C\" width=\"600\" height=\"338\" frameborder=\"0\" marginwidth=\"0\" marginheight=\"0\" scrolling=\"no\"><\/iframe><\/p>\t\t\t\t\t\t<\/div>\n\t\t\t\t<\/div>\n\t\t\t\t\t<\/div>\n\t\t<\/div>\n\t\t\t\t\t\t\t<\/div>\n\t\t<\/section>\n\t\t\t\t\t\t\t<\/div>\n\t\t","protected":false},"excerpt":{"rendered":"<p>Egy\u00e9ni konzult\u00e1ci\u00f3k 10 \u00e9ves kor f\u00f6l\u00f6tti gyerekeket \u00e9s feln\u0151tteket v\u00e1rok egy\u00e9ni konzult\u00e1ci\u00f3imra. Gyerekek\u00a0eset\u00e9ben mindig sz\u00fcks\u00e9g van a sz\u00fcl\u0151(k)\/gondvisel\u0151(k) hozz\u00e1j\u00e1rul\u00e1s\u00e1ra. Az els\u0151 alkalmak ut\u00e1n k\u00f6z\u00f6sen t\u0171z\u00fcnk ki c\u00e9lt, amelyet szeretn\u00e9nk el\u00e9rni. Az ehhez sz\u00fcks\u00e9ges id\u0151 probl\u00e9m\u00e1t\u00f3l f\u00fcgg\u0151en v\u00e1ltozik. Az egy\u00e9ni konzult\u00e1ci\u00f3k d\u00edja: 20.000 Ft\/50 perc. P\u00e1r- \u00e9s csal\u00e1dkonzult\u00e1ci\u00f3: Link: Family ties &#8211; p\u00e1r- \u00e9s csal\u00e1dkonzult\u00e1ci\u00f3<\/p>\n","protected":false},"author":1,"featured_media":0,"parent":0,"menu_order":0,"comment_status":"closed","ping_status":"closed","template":"","meta":{"om_disable_all_campaigns":false,"_monsterinsights_skip_tracking":false,"_monsterinsights_sitenote_active":false,"_monsterinsights_sitenote_note":"","_monsterinsights_sitenote_category":0,"footnotes":""},"aioseo_notices":[],"yoast_head":"<!-- This site is optimized with the Yoast SEO plugin v20.4 - https:\/\/yoast.com\/wordpress\/plugins\/seo\/ -->\n<title>Foglalkoz\u00e1sok - pszichotime.hu<\/title>\n<meta name=\"robots\" content=\"index, follow, max-snippet:-1, max-image-preview:large, max-video-preview:-1\" \/>\n<link rel=\"canonical\" href=\"https:\/\/pszichotime.hu\/?page_id=13\" \/>\n<meta property=\"og:locale\" content=\"hu_HU\" \/>\n<meta property=\"og:type\" content=\"article\" \/>\n<meta property=\"og:title\" content=\"Foglalkoz\u00e1sok - pszichotime.hu\" \/>\n<meta property=\"og:description\" content=\"Egy\u00e9ni konzult\u00e1ci\u00f3k 10 \u00e9ves kor f\u00f6l\u00f6tti gyerekeket \u00e9s feln\u0151tteket v\u00e1rok egy\u00e9ni konzult\u00e1ci\u00f3imra. Gyerekek\u00a0eset\u00e9ben mindig sz\u00fcks\u00e9g van a sz\u00fcl\u0151(k)\/gondvisel\u0151(k) hozz\u00e1j\u00e1rul\u00e1s\u00e1ra. Az els\u0151 alkalmak ut\u00e1n k\u00f6z\u00f6sen t\u0171z\u00fcnk ki c\u00e9lt, amelyet szeretn\u00e9nk el\u00e9rni. Az ehhez sz\u00fcks\u00e9ges id\u0151 probl\u00e9m\u00e1t\u00f3l f\u00fcgg\u0151en v\u00e1ltozik. Az egy\u00e9ni konzult\u00e1ci\u00f3k d\u00edja: 20.000 Ft\/50 perc. P\u00e1r- \u00e9s csal\u00e1dkonzult\u00e1ci\u00f3: Link: Family ties &#8211; p\u00e1r- \u00e9s csal\u00e1dkonzult\u00e1ci\u00f3\" \/>\n<meta property=\"og:url\" content=\"https:\/\/pszichotime.hu\/?page_id=13\" \/>\n<meta property=\"og:site_name\" content=\"pszichotime.hu\" \/>\n<meta property=\"article:modified_time\" content=\"2025-07-18T14:18:19+00:00\" \/>\n<meta name=\"twitter:card\" content=\"summary_large_image\" \/>\n<meta name=\"twitter:label1\" content=\"Becs\u00fclt olvas\u00e1si id\u0151\" \/>\n\t<meta name=\"twitter:data1\" content=\"1 perc\" \/>\n<script type=\"application\/ld+json\" class=\"yoast-schema-graph\">{\"@context\":\"https:\/\/schema.org\",\"@graph\":[{\"@type\":\"WebPage\",\"@id\":\"https:\/\/pszichotime.hu\/?page_id=13\",\"url\":\"https:\/\/pszichotime.hu\/?page_id=13\",\"name\":\"Foglalkoz\u00e1sok - pszichotime.hu\",\"isPartOf\":{\"@id\":\"https:\/\/pszichotime.hu\/#website\"},\"datePublished\":\"2023-01-04T07:22:03+00:00\",\"dateModified\":\"2025-07-18T14:18:19+00:00\",\"breadcrumb\":{\"@id\":\"https:\/\/pszichotime.hu\/?page_id=13#breadcrumb\"},\"inLanguage\":\"hu\",\"potentialAction\":[{\"@type\":\"ReadAction\",\"target\":[\"https:\/\/pszichotime.hu\/?page_id=13\"]}]},{\"@type\":\"BreadcrumbList\",\"@id\":\"https:\/\/pszichotime.hu\/?page_id=13#breadcrumb\",\"itemListElement\":[{\"@type\":\"ListItem\",\"position\":1,\"name\":\"Kezd\u0151lap\",\"item\":\"https:\/\/pszichotime.hu\/\"},{\"@type\":\"ListItem\",\"position\":2,\"name\":\"Foglalkoz\u00e1sok\"}]},{\"@type\":\"WebSite\",\"@id\":\"https:\/\/pszichotime.hu\/#website\",\"url\":\"https:\/\/pszichotime.hu\/\",\"name\":\"pszichotime.hu\",\"description\":\"Klinikai szakpszichol\u00f3gus\",\"publisher\":{\"@id\":\"https:\/\/pszichotime.hu\/#organization\"},\"potentialAction\":[{\"@type\":\"SearchAction\",\"target\":{\"@type\":\"EntryPoint\",\"urlTemplate\":\"https:\/\/pszichotime.hu\/?s={search_term_string}\"},\"query-input\":\"required name=search_term_string\"}],\"inLanguage\":\"hu\"},{\"@type\":\"Organization\",\"@id\":\"https:\/\/pszichotime.hu\/#organization\",\"name\":\"pszichotime.hu\",\"url\":\"https:\/\/pszichotime.hu\/\",\"logo\":{\"@type\":\"ImageObject\",\"inLanguage\":\"hu\",\"@id\":\"https:\/\/pszichotime.hu\/#\/schema\/logo\/image\/\",\"url\":\"https:\/\/pszichotime.hu\/wp-content\/uploads\/2023\/01\/E8014613-C958-47E8-99B0-628CB713E37D.png\",\"contentUrl\":\"https:\/\/pszichotime.hu\/wp-content\/uploads\/2023\/01\/E8014613-C958-47E8-99B0-628CB713E37D.png\",\"width\":1250,\"height\":1250,\"caption\":\"pszichotime.hu\"},\"image\":{\"@id\":\"https:\/\/pszichotime.hu\/#\/schema\/logo\/image\/\"}}]}<\/script>\n<!-- \/ Yoast SEO plugin. -->","yoast_head_json":{"title":"Foglalkoz\u00e1sok - pszichotime.hu","robots":{"index":"index","follow":"follow","max-snippet":"max-snippet:-1","max-image-preview":"max-image-preview:large","max-video-preview":"max-video-preview:-1"},"canonical":"https:\/\/pszichotime.hu\/?page_id=13","og_locale":"hu_HU","og_type":"article","og_title":"Foglalkoz\u00e1sok - pszichotime.hu","og_description":"Egy\u00e9ni konzult\u00e1ci\u00f3k 10 \u00e9ves kor f\u00f6l\u00f6tti gyerekeket \u00e9s feln\u0151tteket v\u00e1rok egy\u00e9ni konzult\u00e1ci\u00f3imra. Gyerekek\u00a0eset\u00e9ben mindig sz\u00fcks\u00e9g van a sz\u00fcl\u0151(k)\/gondvisel\u0151(k) hozz\u00e1j\u00e1rul\u00e1s\u00e1ra. Az els\u0151 alkalmak ut\u00e1n k\u00f6z\u00f6sen t\u0171z\u00fcnk ki c\u00e9lt, amelyet szeretn\u00e9nk el\u00e9rni. Az ehhez sz\u00fcks\u00e9ges id\u0151 probl\u00e9m\u00e1t\u00f3l f\u00fcgg\u0151en v\u00e1ltozik. Az egy\u00e9ni konzult\u00e1ci\u00f3k d\u00edja: 20.000 Ft\/50 perc. P\u00e1r- \u00e9s csal\u00e1dkonzult\u00e1ci\u00f3: Link: Family ties &#8211; p\u00e1r- \u00e9s csal\u00e1dkonzult\u00e1ci\u00f3","og_url":"https:\/\/pszichotime.hu\/?page_id=13","og_site_name":"pszichotime.hu","article_modified_time":"2025-07-18T14:18:19+00:00","twitter_card":"summary_large_image","twitter_misc":{"Becs\u00fclt olvas\u00e1si id\u0151":"1 perc"},"schema":{"@context":"https:\/\/schema.org","@graph":[{"@type":"WebPage","@id":"https:\/\/pszichotime.hu\/?page_id=13","url":"https:\/\/pszichotime.hu\/?page_id=13","name":"Foglalkoz\u00e1sok - pszichotime.hu","isPartOf":{"@id":"https:\/\/pszichotime.hu\/#website"},"datePublished":"2023-01-04T07:22:03+00:00","dateModified":"2025-07-18T14:18:19+00:00","breadcrumb":{"@id":"https:\/\/pszichotime.hu\/?page_id=13#breadcrumb"},"inLanguage":"hu","potentialAction":[{"@type":"ReadAction","target":["https:\/\/pszichotime.hu\/?page_id=13"]}]},{"@type":"BreadcrumbList","@id":"https:\/\/pszichotime.hu\/?page_id=13#breadcrumb","itemListElement":[{"@type":"ListItem","position":1,"name":"Kezd\u0151lap","item":"https:\/\/pszichotime.hu\/"},{"@type":"ListItem","position":2,"name":"Foglalkoz\u00e1sok"}]},{"@type":"WebSite","@id":"https:\/\/pszichotime.hu\/#website","url":"https:\/\/pszichotime.hu\/","name":"pszichotime.hu","description":"Klinikai szakpszichol\u00f3gus","publisher":{"@id":"https:\/\/pszichotime.hu\/#organization"},"potentialAction":[{"@type":"SearchAction","target":{"@type":"EntryPoint","urlTemplate":"https:\/\/pszichotime.hu\/?s={search_term_string}"},"query-input":"required name=search_term_string"}],"inLanguage":"hu"},{"@type":"Organization","@id":"https:\/\/pszichotime.hu\/#organization","name":"pszichotime.hu","url":"https:\/\/pszichotime.hu\/","logo":{"@type":"ImageObject","inLanguage":"hu","@id":"https:\/\/pszichotime.hu\/#\/schema\/logo\/image\/","url":"https:\/\/pszichotime.hu\/wp-content\/uploads\/2023\/01\/E8014613-C958-47E8-99B0-628CB713E37D.png","contentUrl":"https:\/\/pszichotime.hu\/wp-content\/uploads\/2023\/01\/E8014613-C958-47E8-99B0-628CB713E37D.png","width":1250,"height":1250,"caption":"pszichotime.hu"},"image":{"@id":"https:\/\/pszichotime.hu\/#\/schema\/logo\/image\/"}}]}},"_links":{"self":[{"href":"https:\/\/pszichotime.hu\/index.php?rest_route=\/wp\/v2\/pages\/13"}],"collection":[{"href":"https:\/\/pszichotime.hu\/index.php?rest_route=\/wp\/v2\/pages"}],"about":[{"href":"https:\/\/pszichotime.hu\/index.php?rest_route=\/wp\/v2\/types\/page"}],"author":[{"embeddable":true,"href":"https:\/\/pszichotime.hu\/index.php?rest_route=\/wp\/v2\/users\/1"}],"replies":[{"embeddable":true,"href":"https:\/\/pszichotime.hu\/index.php?rest_route=%2Fwp%2Fv2%2Fcomments&post=13"}],"version-history":[{"count":6,"href":"https:\/\/pszichotime.hu\/index.php?rest_route=\/wp\/v2\/pages\/13\/revisions"}],"predecessor-version":[{"id":1228,"href":"https:\/\/pszichotime.hu\/index.php?rest_route=\/wp\/v2\/pages\/13\/revisions\/1228"}],"wp:attachment":[{"href":"https:\/\/pszichotime.hu\/index.php?rest_route=%2Fwp%2Fv2%2Fmedia&parent=13"}],"curies":[{"name":"wp","href":"https:\/\/api.w.org\/{rel}","templated":true}]}}