{"id":1154,"date":"2025-07-07T13:23:14","date_gmt":"2025-07-07T13:23:14","guid":{"rendered":"https:\/\/pszichotime.hu\/?page_id=1154"},"modified":"2025-07-18T14:35:55","modified_gmt":"2025-07-18T14:35:55","slug":"ismerkedes","status":"publish","type":"page","link":"https:\/\/pszichotime.hu\/?page_id=1154","title":{"rendered":"Ismerked\u00e9s"},"content":{"rendered":"\t\t<div data-elementor-type=\"wp-page\" data-elementor-id=\"1154\" class=\"elementor elementor-1154\">\n\t\t\t\t\t\t\t\t\t<section class=\"elementor-section elementor-top-section elementor-element elementor-element-969fe75 elementor-section-boxed elementor-section-height-default elementor-section-height-default\" data-id=\"969fe75\" data-element_type=\"section\">\n\t\t\t\t\t\t<div class=\"elementor-container elementor-column-gap-default\">\n\t\t\t\t\t<div class=\"elementor-column elementor-col-100 elementor-top-column elementor-element elementor-element-45ba5c5\" data-id=\"45ba5c5\" data-element_type=\"column\">\n\t\t\t<div class=\"elementor-widget-wrap elementor-element-populated\">\n\t\t\t\t\t\t\t\t<div class=\"elementor-element elementor-element-0f7e697 elementor-widget elementor-widget-image\" data-id=\"0f7e697\" data-element_type=\"widget\" data-widget_type=\"image.default\">\n\t\t\t\t<div class=\"elementor-widget-container\">\n\t\t\t<style>\/*! elementor - v3.10.1 - 17-01-2023 *\/\n.elementor-widget-image{text-align:center}.elementor-widget-image a{display:inline-block}.elementor-widget-image a img[src$=\".svg\"]{width:48px}.elementor-widget-image img{vertical-align:middle;display:inline-block}<\/style>\t\t\t\t\t\t\t\t\t\t\t\t<img decoding=\"async\" loading=\"lazy\" width=\"768\" height=\"644\" src=\"https:\/\/pszichotime.hu\/wp-content\/uploads\/2025\/07\/Its-okay-to-take.zip-3-768x644.jpg\" class=\"attachment-medium_large size-medium_large wp-image-1157\" alt=\"\" srcset=\"https:\/\/pszichotime.hu\/wp-content\/uploads\/2025\/07\/Its-okay-to-take.zip-3-768x644.jpg 768w, https:\/\/pszichotime.hu\/wp-content\/uploads\/2025\/07\/Its-okay-to-take.zip-3-300x251.jpg 300w, https:\/\/pszichotime.hu\/wp-content\/uploads\/2025\/07\/Its-okay-to-take.zip-3-1024x858.jpg 1024w, https:\/\/pszichotime.hu\/wp-content\/uploads\/2025\/07\/Its-okay-to-take.zip-3-1536x1288.jpg 1536w, https:\/\/pszichotime.hu\/wp-content\/uploads\/2025\/07\/Its-okay-to-take.zip-3-2048x1717.jpg 2048w\" sizes=\"(max-width: 768px) 100vw, 768px\" \/>\t\t\t\t\t\t\t\t\t\t\t\t\t\t\t<\/div>\n\t\t\t\t<\/div>\n\t\t\t\t\t<\/div>\n\t\t<\/div>\n\t\t\t\t\t\t\t<\/div>\n\t\t<\/section>\n\t\t\t\t<section class=\"elementor-section elementor-top-section elementor-element elementor-element-e1c3c12 elementor-section-boxed elementor-section-height-default elementor-section-height-default\" data-id=\"e1c3c12\" data-element_type=\"section\">\n\t\t\t\t\t\t<div class=\"elementor-container elementor-column-gap-default\">\n\t\t\t\t\t<div class=\"elementor-column elementor-col-100 elementor-top-column elementor-element elementor-element-1feb6c9\" data-id=\"1feb6c9\" data-element_type=\"column\">\n\t\t\t<div class=\"elementor-widget-wrap\">\n\t\t\t\t\t\t\t\t\t<\/div>\n\t\t<\/div>\n\t\t\t\t\t\t\t<\/div>\n\t\t<\/section>\n\t\t\t\t<section class=\"elementor-section elementor-top-section elementor-element elementor-element-8cdddc6 elementor-section-boxed elementor-section-height-default elementor-section-height-default\" data-id=\"8cdddc6\" data-element_type=\"section\">\n\t\t\t\t\t\t<div class=\"elementor-container elementor-column-gap-default\">\n\t\t\t\t\t<div class=\"elementor-column elementor-col-100 elementor-top-column elementor-element elementor-element-55eca63\" data-id=\"55eca63\" data-element_type=\"column\">\n\t\t\t<div class=\"elementor-widget-wrap elementor-element-populated\">\n\t\t\t\t\t\t\t\t<div class=\"elementor-element elementor-element-5c786a1 elementor-widget elementor-widget-text-editor\" data-id=\"5c786a1\" data-element_type=\"widget\" data-widget_type=\"text-editor.default\">\n\t\t\t\t<div class=\"elementor-widget-container\">\n\t\t\t<style>\/*! elementor - v3.10.1 - 17-01-2023 *\/\n.elementor-widget-text-editor.elementor-drop-cap-view-stacked .elementor-drop-cap{background-color:#818a91;color:#fff}.elementor-widget-text-editor.elementor-drop-cap-view-framed .elementor-drop-cap{color:#818a91;border:3px solid;background-color:transparent}.elementor-widget-text-editor:not(.elementor-drop-cap-view-default) .elementor-drop-cap{margin-top:8px}.elementor-widget-text-editor:not(.elementor-drop-cap-view-default) .elementor-drop-cap-letter{width:1em;height:1em}.elementor-widget-text-editor .elementor-drop-cap{float:left;text-align:center;line-height:1;font-size:50px}.elementor-widget-text-editor .elementor-drop-cap-letter{display:inline-block}<\/style>\t\t\t\t<p>\ud83d\udc9b Mit is jelent pszichol\u00f3gushoz fordulni?<\/p><p>Sokan gondolj\u00e1k, hogy csak \u201enagy baj\u201d eset\u00e9n kell pszichol\u00f3gushoz fordulni, vagy hogy ott mindent \u201ej\u00f3l kell tudni elmondani\u201d.<\/p><p>De val\u00f3j\u00e1ban pszichol\u00f3gushoz fordulni nem gyenges\u00e9g, hanem b\u00e1tors\u00e1g \u00e9s \u00f6ngondoskod\u00e1s.<\/p><p>\u2728 \ud83e\udd1d Egy biztons\u00e1gos, \u00edt\u00e9letmentes t\u00e9r v\u00e1r, ahol b\u00e1rmit kimondhatsz.<\/p><p>Nem kell sz\u00e9gyellned semmit, nem kell mindent el\u0151re \u00e1tgondolnod, vagy j\u00f3l megfogalmaznod.<\/p><p>\u2728 \ud83e\udebb Nem kell tudnod, hogyan \u201ekell\u201d besz\u00e9lni a neh\u00e9zs\u00e9geidr\u0151l.<\/p><p>Sokan \u00e9rzik \u00fagy, hogy \u00f6ssze kell szedni\u00fck magukat el\u0151tte, de ez a k\u00f6z\u00f6s munka r\u00e9sze, nem elv\u00e1r\u00e1s.<\/p><p>\u2728 \ud83d\udddd Az els\u0151 alkalom \u00e1ltal\u00e1ban ismerked\u00e9s.<\/p><p>Ilyenkor elmondhatod, miben szeretn\u00e9l v\u00e1ltoz\u00e1st, mit hozol magaddal. A temp\u00f3t te szabod, \u00e9s te d\u00f6nt\u00f6d el, mir\u0151l szeretn\u00e9l besz\u00e9lni.<\/p><p>\u2728 \ud83c\udf3f A pszichol\u00f3gus nem oldja meg helyetted a probl\u00e9m\u00e1kat, hanem t\u00e1mogat abban, hogy megtal\u00e1ld a saj\u00e1t er\u0151forr\u00e1saidat.<\/p><p>K\u00f6z\u00f6sen gondolkodunk arr\u00f3l, hogy mi az, ami neked seg\u00edthet, ami r\u00f3lad sz\u00f3l.<\/p><p>\u2728 \ud83d\udc9b A pszichol\u00f3gusn\u00e1l nem vizsg\u00e1zni kell.<\/p><p>Nem baj, ha csak azt tudod elmondani, hogy \u201erosszul vagy\u201d, vagy \u201enem tudom, mi a baj\u201d. M\u00e1r ezzel elindul egy olyan folyamat, ami alapja lesz a v\u00e1ltoz\u00e1snak, fejl\u0151d\u00e9snek.<\/p><p>Ha r\u00e9g\u00f3ta \u00e9rzed, hogy \u201evalami nem j\u00f3 \u00edgy tov\u00e1bb\u201d, de nem tudod, hogyan tov\u00e1bb, lehet, hogy itt az ideje, hogy megengedd magadnak a seg\u00edts\u00e9get.<\/p>\t\t\t\t\t\t<\/div>\n\t\t\t\t<\/div>\n\t\t\t\t\t<\/div>\n\t\t<\/div>\n\t\t\t\t\t\t\t<\/div>\n\t\t<\/section>\n\t\t\t\t\t\t\t<\/div>\n\t\t","protected":false},"excerpt":{"rendered":"<p>\ud83d\udc9b Mit is jelent pszichol\u00f3gushoz fordulni? Sokan gondolj\u00e1k, hogy csak \u201enagy baj\u201d eset\u00e9n kell pszichol\u00f3gushoz fordulni, vagy hogy ott mindent \u201ej\u00f3l kell tudni elmondani\u201d. De val\u00f3j\u00e1ban pszichol\u00f3gushoz fordulni nem gyenges\u00e9g, hanem b\u00e1tors\u00e1g \u00e9s \u00f6ngondoskod\u00e1s. \u2728 \ud83e\udd1d Egy biztons\u00e1gos, \u00edt\u00e9letmentes t\u00e9r v\u00e1r, ahol b\u00e1rmit kimondhatsz. Nem kell sz\u00e9gyellned semmit, nem kell mindent el\u0151re \u00e1tgondolnod, vagy j\u00f3l [&hellip;]<\/p>\n","protected":false},"author":1,"featured_media":0,"parent":0,"menu_order":0,"comment_status":"closed","ping_status":"closed","template":"","meta":{"om_disable_all_campaigns":false,"_monsterinsights_skip_tracking":false,"_monsterinsights_sitenote_active":false,"_monsterinsights_sitenote_note":"","_monsterinsights_sitenote_category":0,"footnotes":""},"aioseo_notices":[],"yoast_head":"<!-- This site is optimized with the Yoast SEO plugin v20.4 - https:\/\/yoast.com\/wordpress\/plugins\/seo\/ -->\n<title>Ismerked\u00e9s - pszichotime.hu<\/title>\n<meta name=\"robots\" content=\"index, follow, max-snippet:-1, max-image-preview:large, max-video-preview:-1\" \/>\n<link rel=\"canonical\" href=\"https:\/\/pszichotime.hu\/?page_id=1154\" \/>\n<meta property=\"og:locale\" content=\"hu_HU\" \/>\n<meta property=\"og:type\" content=\"article\" \/>\n<meta property=\"og:title\" content=\"Ismerked\u00e9s - pszichotime.hu\" \/>\n<meta property=\"og:description\" content=\"\ud83d\udc9b Mit is jelent pszichol\u00f3gushoz fordulni? Sokan gondolj\u00e1k, hogy csak \u201enagy baj\u201d eset\u00e9n kell pszichol\u00f3gushoz fordulni, vagy hogy ott mindent \u201ej\u00f3l kell tudni elmondani\u201d. De val\u00f3j\u00e1ban pszichol\u00f3gushoz fordulni nem gyenges\u00e9g, hanem b\u00e1tors\u00e1g \u00e9s \u00f6ngondoskod\u00e1s. \u2728 \ud83e\udd1d Egy biztons\u00e1gos, \u00edt\u00e9letmentes t\u00e9r v\u00e1r, ahol b\u00e1rmit kimondhatsz. Nem kell sz\u00e9gyellned semmit, nem kell mindent el\u0151re \u00e1tgondolnod, vagy j\u00f3l [&hellip;]\" \/>\n<meta property=\"og:url\" content=\"https:\/\/pszichotime.hu\/?page_id=1154\" \/>\n<meta property=\"og:site_name\" content=\"pszichotime.hu\" \/>\n<meta property=\"article:modified_time\" content=\"2025-07-18T14:35:55+00:00\" \/>\n<meta property=\"og:image\" content=\"http:\/\/pszichotime.hu\/wp-content\/uploads\/2025\/07\/Its-okay-to-take.zip-3-768x644.jpg\" \/>\n<meta name=\"twitter:card\" content=\"summary_large_image\" \/>\n<meta name=\"twitter:label1\" content=\"Becs\u00fclt olvas\u00e1si id\u0151\" \/>\n\t<meta name=\"twitter:data1\" content=\"2 perc\" \/>\n<script type=\"application\/ld+json\" class=\"yoast-schema-graph\">{\"@context\":\"https:\/\/schema.org\",\"@graph\":[{\"@type\":\"WebPage\",\"@id\":\"https:\/\/pszichotime.hu\/?page_id=1154\",\"url\":\"https:\/\/pszichotime.hu\/?page_id=1154\",\"name\":\"Ismerked\u00e9s - pszichotime.hu\",\"isPartOf\":{\"@id\":\"https:\/\/pszichotime.hu\/#website\"},\"datePublished\":\"2025-07-07T13:23:14+00:00\",\"dateModified\":\"2025-07-18T14:35:55+00:00\",\"breadcrumb\":{\"@id\":\"https:\/\/pszichotime.hu\/?page_id=1154#breadcrumb\"},\"inLanguage\":\"hu\",\"potentialAction\":[{\"@type\":\"ReadAction\",\"target\":[\"https:\/\/pszichotime.hu\/?page_id=1154\"]}]},{\"@type\":\"BreadcrumbList\",\"@id\":\"https:\/\/pszichotime.hu\/?page_id=1154#breadcrumb\",\"itemListElement\":[{\"@type\":\"ListItem\",\"position\":1,\"name\":\"Kezd\u0151lap\",\"item\":\"https:\/\/pszichotime.hu\/\"},{\"@type\":\"ListItem\",\"position\":2,\"name\":\"Ismerked\u00e9s\"}]},{\"@type\":\"WebSite\",\"@id\":\"https:\/\/pszichotime.hu\/#website\",\"url\":\"https:\/\/pszichotime.hu\/\",\"name\":\"pszichotime.hu\",\"description\":\"Klinikai szakpszichol\u00f3gus\",\"publisher\":{\"@id\":\"https:\/\/pszichotime.hu\/#organization\"},\"potentialAction\":[{\"@type\":\"SearchAction\",\"target\":{\"@type\":\"EntryPoint\",\"urlTemplate\":\"https:\/\/pszichotime.hu\/?s={search_term_string}\"},\"query-input\":\"required name=search_term_string\"}],\"inLanguage\":\"hu\"},{\"@type\":\"Organization\",\"@id\":\"https:\/\/pszichotime.hu\/#organization\",\"name\":\"pszichotime.hu\",\"url\":\"https:\/\/pszichotime.hu\/\",\"logo\":{\"@type\":\"ImageObject\",\"inLanguage\":\"hu\",\"@id\":\"https:\/\/pszichotime.hu\/#\/schema\/logo\/image\/\",\"url\":\"https:\/\/pszichotime.hu\/wp-content\/uploads\/2023\/01\/E8014613-C958-47E8-99B0-628CB713E37D.png\",\"contentUrl\":\"https:\/\/pszichotime.hu\/wp-content\/uploads\/2023\/01\/E8014613-C958-47E8-99B0-628CB713E37D.png\",\"width\":1250,\"height\":1250,\"caption\":\"pszichotime.hu\"},\"image\":{\"@id\":\"https:\/\/pszichotime.hu\/#\/schema\/logo\/image\/\"}}]}<\/script>\n<!-- \/ Yoast SEO plugin. -->","yoast_head_json":{"title":"Ismerked\u00e9s - pszichotime.hu","robots":{"index":"index","follow":"follow","max-snippet":"max-snippet:-1","max-image-preview":"max-image-preview:large","max-video-preview":"max-video-preview:-1"},"canonical":"https:\/\/pszichotime.hu\/?page_id=1154","og_locale":"hu_HU","og_type":"article","og_title":"Ismerked\u00e9s - pszichotime.hu","og_description":"\ud83d\udc9b Mit is jelent pszichol\u00f3gushoz fordulni? Sokan gondolj\u00e1k, hogy csak \u201enagy baj\u201d eset\u00e9n kell pszichol\u00f3gushoz fordulni, vagy hogy ott mindent \u201ej\u00f3l kell tudni elmondani\u201d. De val\u00f3j\u00e1ban pszichol\u00f3gushoz fordulni nem gyenges\u00e9g, hanem b\u00e1tors\u00e1g \u00e9s \u00f6ngondoskod\u00e1s. \u2728 \ud83e\udd1d Egy biztons\u00e1gos, \u00edt\u00e9letmentes t\u00e9r v\u00e1r, ahol b\u00e1rmit kimondhatsz. Nem kell sz\u00e9gyellned semmit, nem kell mindent el\u0151re \u00e1tgondolnod, vagy j\u00f3l [&hellip;]","og_url":"https:\/\/pszichotime.hu\/?page_id=1154","og_site_name":"pszichotime.hu","article_modified_time":"2025-07-18T14:35:55+00:00","og_image":[{"url":"http:\/\/pszichotime.hu\/wp-content\/uploads\/2025\/07\/Its-okay-to-take.zip-3-768x644.jpg"}],"twitter_card":"summary_large_image","twitter_misc":{"Becs\u00fclt olvas\u00e1si id\u0151":"2 perc"},"schema":{"@context":"https:\/\/schema.org","@graph":[{"@type":"WebPage","@id":"https:\/\/pszichotime.hu\/?page_id=1154","url":"https:\/\/pszichotime.hu\/?page_id=1154","name":"Ismerked\u00e9s - pszichotime.hu","isPartOf":{"@id":"https:\/\/pszichotime.hu\/#website"},"datePublished":"2025-07-07T13:23:14+00:00","dateModified":"2025-07-18T14:35:55+00:00","breadcrumb":{"@id":"https:\/\/pszichotime.hu\/?page_id=1154#breadcrumb"},"inLanguage":"hu","potentialAction":[{"@type":"ReadAction","target":["https:\/\/pszichotime.hu\/?page_id=1154"]}]},{"@type":"BreadcrumbList","@id":"https:\/\/pszichotime.hu\/?page_id=1154#breadcrumb","itemListElement":[{"@type":"ListItem","position":1,"name":"Kezd\u0151lap","item":"https:\/\/pszichotime.hu\/"},{"@type":"ListItem","position":2,"name":"Ismerked\u00e9s"}]},{"@type":"WebSite","@id":"https:\/\/pszichotime.hu\/#website","url":"https:\/\/pszichotime.hu\/","name":"pszichotime.hu","description":"Klinikai szakpszichol\u00f3gus","publisher":{"@id":"https:\/\/pszichotime.hu\/#organization"},"potentialAction":[{"@type":"SearchAction","target":{"@type":"EntryPoint","urlTemplate":"https:\/\/pszichotime.hu\/?s={search_term_string}"},"query-input":"required name=search_term_string"}],"inLanguage":"hu"},{"@type":"Organization","@id":"https:\/\/pszichotime.hu\/#organization","name":"pszichotime.hu","url":"https:\/\/pszichotime.hu\/","logo":{"@type":"ImageObject","inLanguage":"hu","@id":"https:\/\/pszichotime.hu\/#\/schema\/logo\/image\/","url":"https:\/\/pszichotime.hu\/wp-content\/uploads\/2023\/01\/E8014613-C958-47E8-99B0-628CB713E37D.png","contentUrl":"https:\/\/pszichotime.hu\/wp-content\/uploads\/2023\/01\/E8014613-C958-47E8-99B0-628CB713E37D.png","width":1250,"height":1250,"caption":"pszichotime.hu"},"image":{"@id":"https:\/\/pszichotime.hu\/#\/schema\/logo\/image\/"}}]}},"_links":{"self":[{"href":"https:\/\/pszichotime.hu\/index.php?rest_route=\/wp\/v2\/pages\/1154"}],"collection":[{"href":"https:\/\/pszichotime.hu\/index.php?rest_route=\/wp\/v2\/pages"}],"about":[{"href":"https:\/\/pszichotime.hu\/index.php?rest_route=\/wp\/v2\/types\/page"}],"author":[{"embeddable":true,"href":"https:\/\/pszichotime.hu\/index.php?rest_route=\/wp\/v2\/users\/1"}],"replies":[{"embeddable":true,"href":"https:\/\/pszichotime.hu\/index.php?rest_route=%2Fwp%2Fv2%2Fcomments&post=1154"}],"version-history":[{"count":6,"href":"https:\/\/pszichotime.hu\/index.php?rest_route=\/wp\/v2\/pages\/1154\/revisions"}],"predecessor-version":[{"id":1267,"href":"https:\/\/pszichotime.hu\/index.php?rest_route=\/wp\/v2\/pages\/1154\/revisions\/1267"}],"wp:attachment":[{"href":"https:\/\/pszichotime.hu\/index.php?rest_route=%2Fwp%2Fv2%2Fmedia&parent=1154"}],"curies":[{"name":"wp","href":"https:\/\/api.w.org\/{rel}","templated":true}]}}