{"id":1100,"date":"2025-06-09T07:41:14","date_gmt":"2025-06-09T07:41:14","guid":{"rendered":"https:\/\/pszichotime.hu\/?page_id=1100"},"modified":"2025-07-18T14:20:04","modified_gmt":"2025-07-18T14:20:04","slug":"family-ties-par-es-csaladkonzultacio","status":"publish","type":"page","link":"https:\/\/pszichotime.hu\/?page_id=1100","title":{"rendered":"Family ties &#8211; p\u00e1r- \u00e9s csal\u00e1dkonzult\u00e1ci\u00f3"},"content":{"rendered":"\t\t<div data-elementor-type=\"wp-page\" data-elementor-id=\"1100\" class=\"elementor elementor-1100\">\n\t\t\t\t\t\t\t\t\t<section class=\"elementor-section elementor-top-section elementor-element elementor-element-5bbacaf elementor-section-boxed elementor-section-height-default elementor-section-height-default\" data-id=\"5bbacaf\" data-element_type=\"section\">\n\t\t\t\t\t\t<div class=\"elementor-container elementor-column-gap-default\">\n\t\t\t\t\t<div class=\"elementor-column elementor-col-100 elementor-top-column elementor-element elementor-element-d53bb8a\" data-id=\"d53bb8a\" data-element_type=\"column\">\n\t\t\t<div class=\"elementor-widget-wrap elementor-element-populated\">\n\t\t\t\t\t\t\t\t<div class=\"elementor-element elementor-element-d6af78b elementor-widget elementor-widget-image\" data-id=\"d6af78b\" data-element_type=\"widget\" data-widget_type=\"image.default\">\n\t\t\t\t<div class=\"elementor-widget-container\">\n\t\t\t<style>\/*! elementor - v3.10.1 - 17-01-2023 *\/\n.elementor-widget-image{text-align:center}.elementor-widget-image a{display:inline-block}.elementor-widget-image a img[src$=\".svg\"]{width:48px}.elementor-widget-image img{vertical-align:middle;display:inline-block}<\/style>\t\t\t\t\t\t\t\t\t\t\t\t<img decoding=\"async\" loading=\"lazy\" width=\"300\" height=\"300\" src=\"https:\/\/pszichotime.hu\/wp-content\/uploads\/2025\/06\/att.FmK8qjhWwCj3tYoito4zJu9CRTtS6UzA_Uq1KjNYsfk-300x300.jpeg\" class=\"attachment-medium size-medium wp-image-1102\" alt=\"\" srcset=\"https:\/\/pszichotime.hu\/wp-content\/uploads\/2025\/06\/att.FmK8qjhWwCj3tYoito4zJu9CRTtS6UzA_Uq1KjNYsfk-300x300.jpeg 300w, https:\/\/pszichotime.hu\/wp-content\/uploads\/2025\/06\/att.FmK8qjhWwCj3tYoito4zJu9CRTtS6UzA_Uq1KjNYsfk-150x150.jpeg 150w, https:\/\/pszichotime.hu\/wp-content\/uploads\/2025\/06\/att.FmK8qjhWwCj3tYoito4zJu9CRTtS6UzA_Uq1KjNYsfk-768x768.jpeg 768w, https:\/\/pszichotime.hu\/wp-content\/uploads\/2025\/06\/att.FmK8qjhWwCj3tYoito4zJu9CRTtS6UzA_Uq1KjNYsfk.jpeg 1024w\" sizes=\"(max-width: 300px) 100vw, 300px\" \/>\t\t\t\t\t\t\t\t\t\t\t\t\t\t\t<\/div>\n\t\t\t\t<\/div>\n\t\t\t\t<div class=\"elementor-element elementor-element-034d514 elementor-widget elementor-widget-text-editor\" data-id=\"034d514\" data-element_type=\"widget\" data-widget_type=\"text-editor.default\">\n\t\t\t\t<div class=\"elementor-widget-container\">\n\t\t\t<style>\/*! elementor - v3.10.1 - 17-01-2023 *\/\n.elementor-widget-text-editor.elementor-drop-cap-view-stacked .elementor-drop-cap{background-color:#818a91;color:#fff}.elementor-widget-text-editor.elementor-drop-cap-view-framed .elementor-drop-cap{color:#818a91;border:3px solid;background-color:transparent}.elementor-widget-text-editor:not(.elementor-drop-cap-view-default) .elementor-drop-cap{margin-top:8px}.elementor-widget-text-editor:not(.elementor-drop-cap-view-default) .elementor-drop-cap-letter{width:1em;height:1em}.elementor-widget-text-editor .elementor-drop-cap{float:left;text-align:center;line-height:1;font-size:50px}.elementor-widget-text-editor .elementor-drop-cap-letter{display:inline-block}<\/style>\t\t\t\t<p><span style=\"text-decoration: underline;\">P\u00e1r- \u00e9s csal\u00e1dkonzult\u00e1ci\u00f3 \u2013 besz\u00e9lget\u00e9sek a kapcsolati egyens\u00faly\u00e9rt<\/span><\/p>\t\t\t\t\t\t<\/div>\n\t\t\t\t<\/div>\n\t\t\t\t<div class=\"elementor-element elementor-element-7f42ee4 elementor-widget elementor-widget-text-editor\" data-id=\"7f42ee4\" data-element_type=\"widget\" data-widget_type=\"text-editor.default\">\n\t\t\t\t<div class=\"elementor-widget-container\">\n\t\t\t\t\t\t\t<p>Van, hogy egy kapcsolat elakad.<\/p><p>A besz\u00e9lget\u00e9sek nem vezetnek sehov\u00e1, ugyanazok a konfliktusok t\u00e9rnek vissza, vagy \u00faj \u00e9lethelyzet bor\u00edtja fel a kor\u00e1bbi egyens\u00falyt. Ilyenkor neh\u00e9z egyed\u00fcl megtal\u00e1lni az utat. A p\u00e1r- \u00e9s csal\u00e1dkonzult\u00e1ci\u00f3 egy olyan t\u00e1mogat\u00f3, struktur\u00e1lt besz\u00e9lget\u00e9ssorozat, ahol szakemberek seg\u00edtenek \u00faj n\u00e9z\u0151pontokat tal\u00e1lni \u2013 \u00e9s k\u00f6zelebb ker\u00fclni egym\u00e1shoz.<\/p><p><span style=\"text-decoration: underline;\"><strong>Kinek sz\u00f3l?<\/strong><\/span><\/p><ul><li>P\u00e1roknak, akik \u00fajra szeretn\u00e9nek egym\u00e1sra hangol\u00f3dni<\/li><li>Csal\u00e1doknak, ahol v\u00e1ltoz\u00e1sok, kr\u00edzisek, fesz\u00fclts\u00e9gek vannak<\/li><li>Kamaszokkal k\u00fczd\u0151 sz\u00fcl\u0151knek<\/li><li>V\u00e1l\u00e1s k\u00f6r\u00fcli helyzetekn\u00e9l, amikor k\u00f6z\u00f6s d\u00f6nt\u00e9sekre van sz\u00fcks\u00e9g<\/li><li>\u00dajrakezd\u0151, mozaikcsal\u00e1doknak, ahol a szerepek \u00e9s hat\u00e1rok tiszt\u00e1z\u00e1sa seg\u00edthet<\/li><\/ul><p>Ez a folyamat nem pszichoter\u00e1pia, hanem tan\u00e1csad\u00f3 jelleg\u0171 konzult\u00e1ci\u00f3: nem m\u00e9ly\u00edt bele a m\u00falt felt\u00e1r\u00e1s\u00e1ba, ink\u00e1bb a jelenlegi helyzet meg\u00e9rt\u00e9s\u00e9t, \u00e1tl\u00e1t\u00e1s\u00e1t \u00e9s a v\u00e1ltoz\u00e1s t\u00e1mogat\u00e1s\u00e1t c\u00e9lozza meg.<\/p><p><span style=\"text-decoration: underline;\"><strong>Mit k\u00edn\u00e1l a konzult\u00e1ci\u00f3?<\/strong><\/span><\/p><ul><li>Kommunik\u00e1ci\u00f3 jav\u00edt\u00e1sa: seg\u00edt\u00fcnk abban, hogy \u00fajra tudjatok egym\u00e1ssal besz\u00e9lni<\/li><li>Kapcsolati dinamik\u00e1k \u00e1tl\u00e1t\u00e1sa: k\u00edv\u00fclr\u0151l k\u00f6nnyebb felismerni az ism\u00e9tl\u0151d\u0151 mint\u00e1kat<\/li><li>Fesz\u00fclts\u00e9gek kezel\u00e9se: nem az a c\u00e9l, hogy valakinek igaza legyen \u2013 hanem hogy meg\u00e9rt\u00e9s sz\u00fclessen<\/li><li>D\u00f6nt\u00e9sek t\u00e1mogat\u00e1sa: seg\u00edt\u00fcnk k\u00f6z\u00f6s nevez\u0151re jutni olyan k\u00e9rd\u00e9sekben, ahol elakad\u00e1s van<\/li><li>Struktur\u00e1lt eszk\u00f6z\u00f6k: rajzok, csal\u00e1dfa, kommunik\u00e1ci\u00f3s gyakorlatok \u2013 nem csak besz\u00e9lget\u00fcnk, hanem egy\u00fctt dolgozunk<\/li><\/ul><p>Kett\u0151s vezet\u00e9ssel \u2013 k\u00e9t szakember t\u00e1mogat\u00e1s\u00e1val<\/p><p><span style=\"text-decoration: underline;\"><strong>\u00dajdons\u00e1gk\u00e9nt a konzult\u00e1ci\u00f3kat k\u00e9t seg\u00edt\u0151 vezeti: Szepsi Bernadett \u00e9s Dud\u00e1s Zolt\u00e1n<\/strong><\/span><\/p><p>Egy n\u0151i \u00e9s egy f\u00e9rfi szakember, k\u00e9t k\u00fcl\u00f6nb\u00f6z\u0151 n\u00e9z\u0151ponttal, m\u00e9gis k\u00f6z\u00f6s szeml\u00e9lettel.<\/p><p>Ez a kett\u0151s vezet\u00e9s seg\u00edthet:<\/p><ul><li>kiegyens\u00falyozottabban k\u00e9pviselni a k\u00fcl\u00f6nb\u00f6z\u0151 n\u00e9z\u0151pontokat<\/li><li>k\u00f6nnyebben kapcsol\u00f3dni mindk\u00e9t f\u00e9lhez (pl. p\u00e1r eset\u00e9n)<\/li><li>hat\u00e9konyabban mederben tartani az \u00e9rzelmileg tel\u00edtett helyzeteket<\/li><li>nagyobb biztons\u00e1got \u00e9s struktur\u00e1lts\u00e1got adni a k\u00f6z\u00f6s munk\u00e1nak<\/li><\/ul><p><span style=\"text-decoration: underline;\"><strong>Gyakorlati tudnival\u00f3k<\/strong><\/span><\/p><ul><li>\u00c1ltal\u00e1ban 6-10 alkalmas folyamat<\/li><li>Heti vagy k\u00e9theti rendszeress\u00e9ggel<\/li><li>Id\u0151tartam: 75\u201390 perc \/ alkalom<\/li><li>Helysz\u00edn: szem\u00e9lyesen a Sz\u00e9na t\u00e9ren<\/li><li>El\u0151zetes bejelentkez\u00e9s sz\u00fcks\u00e9ges<\/li><\/ul><p><span style=\"text-decoration: underline;\"><strong>Amire sz\u00e1m\u00edthattok t\u0151l\u00fcnk<\/strong><\/span><\/p><ul><li>Elfogad\u00f3, \u00edt\u00e9lkez\u00e9smentes l\u00e9gk\u00f6r<\/li><li>Tiszt\u00e1n tartott szerepek \u2013 nem d\u00f6nt\u00fcnk helyettetek, de t\u00e1mogatunk abban, hogy ti magatok d\u00f6nthessetek<\/li><li>Emp\u00e1tia \u00e9s szakmai tud\u00e1s egyens\u00falya<\/li><li>Hit abban, hogy a kapcsolatok \u00fajrahuzalozhat\u00f3k \u2013 \u00e9s minden besz\u00e9lget\u00e9ssel lehet egy l\u00e9p\u00e9ssel k\u00f6zelebb ker\u00fclni egym\u00e1shoz<\/li><\/ul><p>Ha \u00fagy \u00e9rzitek, itt az id\u0151 v\u00e1ltoztatni \u2013 keressetek minket bizalommal.<\/p>\t\t\t\t\t\t<\/div>\n\t\t\t\t<\/div>\n\t\t\t\t\t<\/div>\n\t\t<\/div>\n\t\t\t\t\t\t\t<\/div>\n\t\t<\/section>\n\t\t\t\t<section class=\"elementor-section elementor-top-section elementor-element elementor-element-7390913 elementor-section-boxed elementor-section-height-default elementor-section-height-default\" data-id=\"7390913\" data-element_type=\"section\">\n\t\t\t\t\t\t<div class=\"elementor-container elementor-column-gap-default\">\n\t\t\t\t\t<div class=\"elementor-column elementor-col-100 elementor-top-column elementor-element elementor-element-66a8ff0\" data-id=\"66a8ff0\" data-element_type=\"column\">\n\t\t\t<div class=\"elementor-widget-wrap\">\n\t\t\t\t\t\t\t\t\t<\/div>\n\t\t<\/div>\n\t\t\t\t\t\t\t<\/div>\n\t\t<\/section>\n\t\t\t\t<section class=\"elementor-section elementor-top-section elementor-element elementor-element-b8aad91 elementor-section-boxed elementor-section-height-default elementor-section-height-default\" data-id=\"b8aad91\" data-element_type=\"section\">\n\t\t\t\t\t\t<div class=\"elementor-container elementor-column-gap-default\">\n\t\t\t\t\t<div class=\"elementor-column elementor-col-100 elementor-top-column elementor-element elementor-element-5e2cfb3\" data-id=\"5e2cfb3\" data-element_type=\"column\">\n\t\t\t<div class=\"elementor-widget-wrap\">\n\t\t\t\t\t\t\t\t\t<\/div>\n\t\t<\/div>\n\t\t\t\t\t\t\t<\/div>\n\t\t<\/section>\n\t\t\t\t<section class=\"elementor-section elementor-top-section elementor-element elementor-element-a24c7f1 elementor-section-boxed elementor-section-height-default elementor-section-height-default\" data-id=\"a24c7f1\" data-element_type=\"section\">\n\t\t\t\t\t\t<div class=\"elementor-container elementor-column-gap-default\">\n\t\t\t\t\t<div class=\"elementor-column elementor-col-100 elementor-top-column elementor-element elementor-element-25642f0\" data-id=\"25642f0\" data-element_type=\"column\">\n\t\t\t<div class=\"elementor-widget-wrap\">\n\t\t\t\t\t\t\t\t\t<\/div>\n\t\t<\/div>\n\t\t\t\t\t\t\t<\/div>\n\t\t<\/section>\n\t\t\t\t<section class=\"elementor-section elementor-top-section elementor-element elementor-element-cdf46fd elementor-section-boxed elementor-section-height-default elementor-section-height-default\" data-id=\"cdf46fd\" data-element_type=\"section\">\n\t\t\t\t\t\t<div class=\"elementor-container elementor-column-gap-default\">\n\t\t\t\t\t<div class=\"elementor-column elementor-col-100 elementor-top-column elementor-element elementor-element-5c7344d\" data-id=\"5c7344d\" data-element_type=\"column\">\n\t\t\t<div class=\"elementor-widget-wrap elementor-element-populated\">\n\t\t\t\t\t\t\t\t<div class=\"elementor-element elementor-element-9af0a63 elementor-widget elementor-widget-image\" data-id=\"9af0a63\" data-element_type=\"widget\" data-widget_type=\"image.default\">\n\t\t\t\t<div class=\"elementor-widget-container\">\n\t\t\t\t\t\t\t\t\t\t\t\t\t\t\t<img decoding=\"async\" loading=\"lazy\" width=\"800\" height=\"800\" src=\"https:\/\/pszichotime.hu\/wp-content\/uploads\/2025\/06\/att.FmK8qjhWwCj3tYoito4zJu9CRTtS6UzA_Uq1KjNYsfk.jpeg\" class=\"attachment-large size-large wp-image-1102\" alt=\"\" srcset=\"https:\/\/pszichotime.hu\/wp-content\/uploads\/2025\/06\/att.FmK8qjhWwCj3tYoito4zJu9CRTtS6UzA_Uq1KjNYsfk.jpeg 1024w, https:\/\/pszichotime.hu\/wp-content\/uploads\/2025\/06\/att.FmK8qjhWwCj3tYoito4zJu9CRTtS6UzA_Uq1KjNYsfk-300x300.jpeg 300w, https:\/\/pszichotime.hu\/wp-content\/uploads\/2025\/06\/att.FmK8qjhWwCj3tYoito4zJu9CRTtS6UzA_Uq1KjNYsfk-150x150.jpeg 150w, https:\/\/pszichotime.hu\/wp-content\/uploads\/2025\/06\/att.FmK8qjhWwCj3tYoito4zJu9CRTtS6UzA_Uq1KjNYsfk-768x768.jpeg 768w\" sizes=\"(max-width: 800px) 100vw, 800px\" \/>\t\t\t\t\t\t\t\t\t\t\t\t\t\t\t<\/div>\n\t\t\t\t<\/div>\n\t\t\t\t\t<\/div>\n\t\t<\/div>\n\t\t\t\t\t\t\t<\/div>\n\t\t<\/section>\n\t\t\t\t\t\t\t<\/div>\n\t\t","protected":false},"excerpt":{"rendered":"<p>P\u00e1r- \u00e9s csal\u00e1dkonzult\u00e1ci\u00f3 \u2013 besz\u00e9lget\u00e9sek a kapcsolati egyens\u00faly\u00e9rt Van, hogy egy kapcsolat elakad. A besz\u00e9lget\u00e9sek nem vezetnek sehov\u00e1, ugyanazok a konfliktusok t\u00e9rnek vissza, vagy \u00faj \u00e9lethelyzet bor\u00edtja fel a kor\u00e1bbi egyens\u00falyt. Ilyenkor neh\u00e9z egyed\u00fcl megtal\u00e1lni az utat. A p\u00e1r- \u00e9s csal\u00e1dkonzult\u00e1ci\u00f3 egy olyan t\u00e1mogat\u00f3, struktur\u00e1lt besz\u00e9lget\u00e9ssorozat, ahol szakemberek seg\u00edtenek \u00faj n\u00e9z\u0151pontokat tal\u00e1lni \u2013 \u00e9s k\u00f6zelebb [&hellip;]<\/p>\n","protected":false},"author":1,"featured_media":0,"parent":0,"menu_order":0,"comment_status":"closed","ping_status":"closed","template":"","meta":{"om_disable_all_campaigns":false,"_monsterinsights_skip_tracking":false,"_monsterinsights_sitenote_active":false,"_monsterinsights_sitenote_note":"","_monsterinsights_sitenote_category":0,"footnotes":""},"aioseo_notices":[],"yoast_head":"<!-- This site is optimized with the Yoast SEO plugin v20.4 - https:\/\/yoast.com\/wordpress\/plugins\/seo\/ -->\n<title>Family ties - p\u00e1r- \u00e9s csal\u00e1dkonzult\u00e1ci\u00f3 - pszichotime.hu<\/title>\n<meta name=\"robots\" content=\"index, follow, max-snippet:-1, max-image-preview:large, max-video-preview:-1\" \/>\n<link rel=\"canonical\" href=\"https:\/\/pszichotime.hu\/?page_id=1100\" \/>\n<meta property=\"og:locale\" content=\"hu_HU\" \/>\n<meta property=\"og:type\" content=\"article\" \/>\n<meta property=\"og:title\" content=\"Family ties - p\u00e1r- \u00e9s csal\u00e1dkonzult\u00e1ci\u00f3 - pszichotime.hu\" \/>\n<meta property=\"og:description\" content=\"P\u00e1r- \u00e9s csal\u00e1dkonzult\u00e1ci\u00f3 \u2013 besz\u00e9lget\u00e9sek a kapcsolati egyens\u00faly\u00e9rt Van, hogy egy kapcsolat elakad. A besz\u00e9lget\u00e9sek nem vezetnek sehov\u00e1, ugyanazok a konfliktusok t\u00e9rnek vissza, vagy \u00faj \u00e9lethelyzet bor\u00edtja fel a kor\u00e1bbi egyens\u00falyt. Ilyenkor neh\u00e9z egyed\u00fcl megtal\u00e1lni az utat. A p\u00e1r- \u00e9s csal\u00e1dkonzult\u00e1ci\u00f3 egy olyan t\u00e1mogat\u00f3, struktur\u00e1lt besz\u00e9lget\u00e9ssorozat, ahol szakemberek seg\u00edtenek \u00faj n\u00e9z\u0151pontokat tal\u00e1lni \u2013 \u00e9s k\u00f6zelebb [&hellip;]\" \/>\n<meta property=\"og:url\" content=\"https:\/\/pszichotime.hu\/?page_id=1100\" \/>\n<meta property=\"og:site_name\" content=\"pszichotime.hu\" \/>\n<meta property=\"article:modified_time\" content=\"2025-07-18T14:20:04+00:00\" \/>\n<meta property=\"og:image\" content=\"http:\/\/pszichotime.hu\/wp-content\/uploads\/2025\/06\/att.FmK8qjhWwCj3tYoito4zJu9CRTtS6UzA_Uq1KjNYsfk-300x300.jpeg\" \/>\n<meta name=\"twitter:card\" content=\"summary_large_image\" \/>\n<meta name=\"twitter:label1\" content=\"Becs\u00fclt olvas\u00e1si id\u0151\" \/>\n\t<meta name=\"twitter:data1\" content=\"3 perc\" \/>\n<script type=\"application\/ld+json\" class=\"yoast-schema-graph\">{\"@context\":\"https:\/\/schema.org\",\"@graph\":[{\"@type\":\"WebPage\",\"@id\":\"https:\/\/pszichotime.hu\/?page_id=1100\",\"url\":\"https:\/\/pszichotime.hu\/?page_id=1100\",\"name\":\"Family ties - p\u00e1r- \u00e9s csal\u00e1dkonzult\u00e1ci\u00f3 - pszichotime.hu\",\"isPartOf\":{\"@id\":\"https:\/\/pszichotime.hu\/#website\"},\"datePublished\":\"2025-06-09T07:41:14+00:00\",\"dateModified\":\"2025-07-18T14:20:04+00:00\",\"breadcrumb\":{\"@id\":\"https:\/\/pszichotime.hu\/?page_id=1100#breadcrumb\"},\"inLanguage\":\"hu\",\"potentialAction\":[{\"@type\":\"ReadAction\",\"target\":[\"https:\/\/pszichotime.hu\/?page_id=1100\"]}]},{\"@type\":\"BreadcrumbList\",\"@id\":\"https:\/\/pszichotime.hu\/?page_id=1100#breadcrumb\",\"itemListElement\":[{\"@type\":\"ListItem\",\"position\":1,\"name\":\"Kezd\u0151lap\",\"item\":\"https:\/\/pszichotime.hu\/\"},{\"@type\":\"ListItem\",\"position\":2,\"name\":\"Family ties &#8211; p\u00e1r- \u00e9s csal\u00e1dkonzult\u00e1ci\u00f3\"}]},{\"@type\":\"WebSite\",\"@id\":\"https:\/\/pszichotime.hu\/#website\",\"url\":\"https:\/\/pszichotime.hu\/\",\"name\":\"pszichotime.hu\",\"description\":\"Klinikai szakpszichol\u00f3gus\",\"publisher\":{\"@id\":\"https:\/\/pszichotime.hu\/#organization\"},\"potentialAction\":[{\"@type\":\"SearchAction\",\"target\":{\"@type\":\"EntryPoint\",\"urlTemplate\":\"https:\/\/pszichotime.hu\/?s={search_term_string}\"},\"query-input\":\"required name=search_term_string\"}],\"inLanguage\":\"hu\"},{\"@type\":\"Organization\",\"@id\":\"https:\/\/pszichotime.hu\/#organization\",\"name\":\"pszichotime.hu\",\"url\":\"https:\/\/pszichotime.hu\/\",\"logo\":{\"@type\":\"ImageObject\",\"inLanguage\":\"hu\",\"@id\":\"https:\/\/pszichotime.hu\/#\/schema\/logo\/image\/\",\"url\":\"https:\/\/pszichotime.hu\/wp-content\/uploads\/2023\/01\/E8014613-C958-47E8-99B0-628CB713E37D.png\",\"contentUrl\":\"https:\/\/pszichotime.hu\/wp-content\/uploads\/2023\/01\/E8014613-C958-47E8-99B0-628CB713E37D.png\",\"width\":1250,\"height\":1250,\"caption\":\"pszichotime.hu\"},\"image\":{\"@id\":\"https:\/\/pszichotime.hu\/#\/schema\/logo\/image\/\"}}]}<\/script>\n<!-- \/ Yoast SEO plugin. -->","yoast_head_json":{"title":"Family ties - p\u00e1r- \u00e9s csal\u00e1dkonzult\u00e1ci\u00f3 - pszichotime.hu","robots":{"index":"index","follow":"follow","max-snippet":"max-snippet:-1","max-image-preview":"max-image-preview:large","max-video-preview":"max-video-preview:-1"},"canonical":"https:\/\/pszichotime.hu\/?page_id=1100","og_locale":"hu_HU","og_type":"article","og_title":"Family ties - p\u00e1r- \u00e9s csal\u00e1dkonzult\u00e1ci\u00f3 - pszichotime.hu","og_description":"P\u00e1r- \u00e9s csal\u00e1dkonzult\u00e1ci\u00f3 \u2013 besz\u00e9lget\u00e9sek a kapcsolati egyens\u00faly\u00e9rt Van, hogy egy kapcsolat elakad. A besz\u00e9lget\u00e9sek nem vezetnek sehov\u00e1, ugyanazok a konfliktusok t\u00e9rnek vissza, vagy \u00faj \u00e9lethelyzet bor\u00edtja fel a kor\u00e1bbi egyens\u00falyt. Ilyenkor neh\u00e9z egyed\u00fcl megtal\u00e1lni az utat. A p\u00e1r- \u00e9s csal\u00e1dkonzult\u00e1ci\u00f3 egy olyan t\u00e1mogat\u00f3, struktur\u00e1lt besz\u00e9lget\u00e9ssorozat, ahol szakemberek seg\u00edtenek \u00faj n\u00e9z\u0151pontokat tal\u00e1lni \u2013 \u00e9s k\u00f6zelebb [&hellip;]","og_url":"https:\/\/pszichotime.hu\/?page_id=1100","og_site_name":"pszichotime.hu","article_modified_time":"2025-07-18T14:20:04+00:00","og_image":[{"url":"http:\/\/pszichotime.hu\/wp-content\/uploads\/2025\/06\/att.FmK8qjhWwCj3tYoito4zJu9CRTtS6UzA_Uq1KjNYsfk-300x300.jpeg"}],"twitter_card":"summary_large_image","twitter_misc":{"Becs\u00fclt olvas\u00e1si id\u0151":"3 perc"},"schema":{"@context":"https:\/\/schema.org","@graph":[{"@type":"WebPage","@id":"https:\/\/pszichotime.hu\/?page_id=1100","url":"https:\/\/pszichotime.hu\/?page_id=1100","name":"Family ties - p\u00e1r- \u00e9s csal\u00e1dkonzult\u00e1ci\u00f3 - pszichotime.hu","isPartOf":{"@id":"https:\/\/pszichotime.hu\/#website"},"datePublished":"2025-06-09T07:41:14+00:00","dateModified":"2025-07-18T14:20:04+00:00","breadcrumb":{"@id":"https:\/\/pszichotime.hu\/?page_id=1100#breadcrumb"},"inLanguage":"hu","potentialAction":[{"@type":"ReadAction","target":["https:\/\/pszichotime.hu\/?page_id=1100"]}]},{"@type":"BreadcrumbList","@id":"https:\/\/pszichotime.hu\/?page_id=1100#breadcrumb","itemListElement":[{"@type":"ListItem","position":1,"name":"Kezd\u0151lap","item":"https:\/\/pszichotime.hu\/"},{"@type":"ListItem","position":2,"name":"Family ties &#8211; p\u00e1r- \u00e9s csal\u00e1dkonzult\u00e1ci\u00f3"}]},{"@type":"WebSite","@id":"https:\/\/pszichotime.hu\/#website","url":"https:\/\/pszichotime.hu\/","name":"pszichotime.hu","description":"Klinikai szakpszichol\u00f3gus","publisher":{"@id":"https:\/\/pszichotime.hu\/#organization"},"potentialAction":[{"@type":"SearchAction","target":{"@type":"EntryPoint","urlTemplate":"https:\/\/pszichotime.hu\/?s={search_term_string}"},"query-input":"required name=search_term_string"}],"inLanguage":"hu"},{"@type":"Organization","@id":"https:\/\/pszichotime.hu\/#organization","name":"pszichotime.hu","url":"https:\/\/pszichotime.hu\/","logo":{"@type":"ImageObject","inLanguage":"hu","@id":"https:\/\/pszichotime.hu\/#\/schema\/logo\/image\/","url":"https:\/\/pszichotime.hu\/wp-content\/uploads\/2023\/01\/E8014613-C958-47E8-99B0-628CB713E37D.png","contentUrl":"https:\/\/pszichotime.hu\/wp-content\/uploads\/2023\/01\/E8014613-C958-47E8-99B0-628CB713E37D.png","width":1250,"height":1250,"caption":"pszichotime.hu"},"image":{"@id":"https:\/\/pszichotime.hu\/#\/schema\/logo\/image\/"}}]}},"_links":{"self":[{"href":"https:\/\/pszichotime.hu\/index.php?rest_route=\/wp\/v2\/pages\/1100"}],"collection":[{"href":"https:\/\/pszichotime.hu\/index.php?rest_route=\/wp\/v2\/pages"}],"about":[{"href":"https:\/\/pszichotime.hu\/index.php?rest_route=\/wp\/v2\/types\/page"}],"author":[{"embeddable":true,"href":"https:\/\/pszichotime.hu\/index.php?rest_route=\/wp\/v2\/users\/1"}],"replies":[{"embeddable":true,"href":"https:\/\/pszichotime.hu\/index.php?rest_route=%2Fwp%2Fv2%2Fcomments&post=1100"}],"version-history":[{"count":6,"href":"https:\/\/pszichotime.hu\/index.php?rest_route=\/wp\/v2\/pages\/1100\/revisions"}],"predecessor-version":[{"id":1231,"href":"https:\/\/pszichotime.hu\/index.php?rest_route=\/wp\/v2\/pages\/1100\/revisions\/1231"}],"wp:attachment":[{"href":"https:\/\/pszichotime.hu\/index.php?rest_route=%2Fwp%2Fv2%2Fmedia&parent=1100"}],"curies":[{"name":"wp","href":"https:\/\/api.w.org\/{rel}","templated":true}]}}